{"id":1558,"date":"2022-10-01T16:05:47","date_gmt":"2022-10-01T16:05:47","guid":{"rendered":"http:\/\/gularo.com\/?page_id=1558"},"modified":"2023-09-11T11:57:56","modified_gmt":"2023-09-11T11:57:56","slug":"kazz","status":"publish","type":"page","link":"https:\/\/gularo.com\/?page_id=1558","title":{"rendered":"Kazz"},"content":{"rendered":"\t\t<div data-elementor-type=\"wp-page\" data-elementor-id=\"1558\" class=\"elementor elementor-1558\" data-elementor-post-type=\"page\">\n\t\t\t\t\t\t<section class=\"elementor-section elementor-top-section elementor-element elementor-element-c37e083 elementor-section-height-min-height elementor-section-full_width elementor-hidden-mobile elementor-section-height-default elementor-section-items-middle\" data-id=\"c37e083\" data-element_type=\"section\" data-e-type=\"section\" data-settings=\"{&quot;background_background&quot;:&quot;classic&quot;,&quot;background_motion_fx_motion_fx_scrolling&quot;:&quot;yes&quot;,&quot;background_motion_fx_translateY_effect&quot;:&quot;yes&quot;,&quot;background_motion_fx_translateY_speed&quot;:{&quot;unit&quot;:&quot;px&quot;,&quot;size&quot;:8,&quot;sizes&quot;:[]},&quot;background_motion_fx_devices&quot;:[&quot;desktop&quot;,&quot;tablet&quot;],&quot;background_motion_fx_range&quot;:&quot;page&quot;,&quot;background_motion_fx_translateY_affectedRange&quot;:{&quot;unit&quot;:&quot;%&quot;,&quot;size&quot;:&quot;&quot;,&quot;sizes&quot;:{&quot;start&quot;:0,&quot;end&quot;:100}}}\">\n\t\t\t\t\t\t\t<div class=\"elementor-background-overlay\"><\/div>\n\t\t\t\t\t\t\t<div class=\"elementor-container elementor-column-gap-default\">\n\t\t\t\t\t<div class=\"elementor-column elementor-col-100 elementor-top-column elementor-element elementor-element-2f72d99\" data-id=\"2f72d99\" data-element_type=\"column\" data-e-type=\"column\">\n\t\t\t<div class=\"elementor-widget-wrap\">\n\t\t\t\t\t\t\t<\/div>\n\t\t<\/div>\n\t\t\t\t\t<\/div>\n\t\t<\/section>\n\t\t\t\t<section class=\"elementor-section elementor-top-section elementor-element elementor-element-30c7b5e elementor-section-full_width elementor-section-height-default elementor-section-height-default\" data-id=\"30c7b5e\" data-element_type=\"section\" data-e-type=\"section\" data-settings=\"{&quot;background_background&quot;:&quot;classic&quot;,&quot;background_motion_fx_motion_fx_scrolling&quot;:&quot;yes&quot;,&quot;background_motion_fx_translateY_effect&quot;:&quot;yes&quot;,&quot;background_motion_fx_translateY_speed&quot;:{&quot;unit&quot;:&quot;px&quot;,&quot;size&quot;:8,&quot;sizes&quot;:[]},&quot;background_motion_fx_devices&quot;:[&quot;desktop&quot;,&quot;tablet&quot;],&quot;background_motion_fx_range&quot;:&quot;page&quot;,&quot;background_motion_fx_translateY_affectedRange&quot;:{&quot;unit&quot;:&quot;%&quot;,&quot;size&quot;:&quot;&quot;,&quot;sizes&quot;:{&quot;start&quot;:0,&quot;end&quot;:100}}}\">\n\t\t\t\t\t\t\t<div class=\"elementor-background-overlay\"><\/div>\n\t\t\t\t\t\t\t<div class=\"elementor-container elementor-column-gap-default\">\n\t\t\t\t\t<div class=\"elementor-column elementor-col-100 elementor-top-column elementor-element elementor-element-5026db1\" data-id=\"5026db1\" data-element_type=\"column\" data-e-type=\"column\">\n\t\t\t<div class=\"elementor-widget-wrap elementor-element-populated\">\n\t\t\t\t\t\t<div class=\"elementor-element elementor-element-6d11ee1 elementor-widget elementor-widget-image\" data-id=\"6d11ee1\" data-element_type=\"widget\" data-e-type=\"widget\" data-widget_type=\"image.default\">\n\t\t\t\t<div class=\"elementor-widget-container\">\n\t\t\t\t\t\t\t\t\t\t\t\t\t\t\t<img fetchpriority=\"high\" decoding=\"async\" width=\"800\" height=\"178\" src=\"https:\/\/gularo.com\/wp-content\/uploads\/2022\/09\/Portada-Stromberg-Life.png\" class=\"attachment-large size-large wp-image-1496\" alt=\"\" \/>\t\t\t\t\t\t\t\t\t\t\t\t\t\t\t<\/div>\n\t\t\t\t<\/div>\n\t\t\t\t\t<\/div>\n\t\t<\/div>\n\t\t\t\t\t<\/div>\n\t\t<\/section>\n\t\t\t\t<section class=\"elementor-section elementor-top-section elementor-element elementor-element-b9b0473 elementor-section-boxed elementor-section-height-default elementor-section-height-default\" data-id=\"b9b0473\" data-element_type=\"section\" data-e-type=\"section\">\n\t\t\t\t\t\t<div class=\"elementor-container elementor-column-gap-default\">\n\t\t\t\t\t<div class=\"elementor-column elementor-col-33 elementor-top-column elementor-element elementor-element-0795ebe\" data-id=\"0795ebe\" data-element_type=\"column\" data-e-type=\"column\">\n\t\t\t<div class=\"elementor-widget-wrap elementor-element-populated\">\n\t\t\t\t\t\t<div class=\"elementor-element elementor-element-ef1a10a elementor-widget elementor-widget-heading\" data-id=\"ef1a10a\" data-element_type=\"widget\" data-e-type=\"widget\" data-widget_type=\"heading.default\">\n\t\t\t\t<div class=\"elementor-widget-container\">\n\t\t\t\t\t<h2 class=\"elementor-heading-title elementor-size-default\">Filtrar<\/h2>\t\t\t\t<\/div>\n\t\t\t\t<\/div>\n\t\t\t\t\t<\/div>\n\t\t<\/div>\n\t\t\t\t<div class=\"elementor-column elementor-col-66 elementor-top-column elementor-element elementor-element-ee1d3fd\" data-id=\"ee1d3fd\" data-element_type=\"column\" data-e-type=\"column\">\n\t\t\t<div class=\"elementor-widget-wrap elementor-element-populated\">\n\t\t\t\t\t\t<div class=\"elementor-element elementor-element-88877b1 elementor-grid-4 elementor-grid-tablet-3 elementor-grid-mobile-2 elementor-products-grid elementor-wc-products elementor-widget elementor-widget-woocommerce-products\" data-id=\"88877b1\" data-element_type=\"widget\" data-e-type=\"widget\" data-widget_type=\"woocommerce-products.default\">\n\t\t\t\t<div class=\"elementor-widget-container\">\n\t\t\t\t\t<div class=\"woocommerce columns-4 \"><ul class=\"products elementor-grid columns-4\">\n<li class=\"product type-product post-2067 status-publish first instock product_cat-pequenos-electrodomesticos product_cat-stromberg-life has-post-thumbnail shipping-taxable product-type-simple\">\n\t<a href=\"https:\/\/gularo.com\/?product=miniblend\" class=\"woocommerce-LoopProduct-link woocommerce-loop-product__link\"><img decoding=\"async\" width=\"300\" height=\"300\" src=\"https:\/\/gularo.com\/wp-content\/uploads\/2023\/02\/Miniblend-fondo-blanco-300x300.png\" class=\"attachment-woocommerce_thumbnail size-woocommerce_thumbnail\" alt=\"Miniblend\" srcset=\"https:\/\/gularo.com\/wp-content\/uploads\/2023\/02\/Miniblend-fondo-blanco-300x300.png 300w, https:\/\/gularo.com\/wp-content\/uploads\/2023\/02\/Miniblend-fondo-blanco-1024x1024.png 1024w, https:\/\/gularo.com\/wp-content\/uploads\/2023\/02\/Miniblend-fondo-blanco-150x150.png 150w, https:\/\/gularo.com\/wp-content\/uploads\/2023\/02\/Miniblend-fondo-blanco-768x768.png 768w, https:\/\/gularo.com\/wp-content\/uploads\/2023\/02\/Miniblend-fondo-blanco-12x12.png 12w, https:\/\/gularo.com\/wp-content\/uploads\/2023\/02\/Miniblend-fondo-blanco-600x600.png 600w, https:\/\/gularo.com\/wp-content\/uploads\/2023\/02\/Miniblend-fondo-blanco-100x100.png 100w, https:\/\/gularo.com\/wp-content\/uploads\/2023\/02\/Miniblend-fondo-blanco.png 1200w\" sizes=\"(max-width: 300px) 100vw, 300px\" \/><h2 class=\"woocommerce-loop-product__title\">Miniblend<\/h2>\n<\/a><a href=\"https:\/\/gularo.com\/?product=miniblend\" aria-describedby=\"woocommerce_loop_add_to_cart_link_describedby_2067\" data-quantity=\"1\" class=\"button product_type_simple\" data-product_id=\"2067\" data-product_sku=\"\" aria-label=\"Le\u00e9 m\u00e1s sobre &ldquo;Miniblend&rdquo;\" rel=\"nofollow\" data-success_message=\"\">Leer m\u00e1s<\/a>\t<span id=\"woocommerce_loop_add_to_cart_link_describedby_2067\" class=\"screen-reader-text\">\n\t\t\t<\/span>\n<\/li>\n<li class=\"product type-product post-2059 status-publish instock product_cat-pequenos-electrodomesticos product_cat-stromberg-life has-post-thumbnail shipping-taxable product-type-simple\">\n\t<a href=\"https:\/\/gularo.com\/?product=fullblend\" class=\"woocommerce-LoopProduct-link woocommerce-loop-product__link\"><img decoding=\"async\" width=\"300\" height=\"300\" src=\"https:\/\/gularo.com\/wp-content\/uploads\/2023\/02\/1.Fullblend-portada-png-300x300.png\" class=\"attachment-woocommerce_thumbnail size-woocommerce_thumbnail\" alt=\"Fullblend\" srcset=\"https:\/\/gularo.com\/wp-content\/uploads\/2023\/02\/1.Fullblend-portada-png-300x300.png 300w, https:\/\/gularo.com\/wp-content\/uploads\/2023\/02\/1.Fullblend-portada-png-150x150.png 150w, https:\/\/gularo.com\/wp-content\/uploads\/2023\/02\/1.Fullblend-portada-png-12x12.png 12w, https:\/\/gularo.com\/wp-content\/uploads\/2023\/02\/1.Fullblend-portada-png-100x100.png 100w, https:\/\/gularo.com\/wp-content\/uploads\/2023\/02\/1.Fullblend-portada-png.png 500w\" sizes=\"(max-width: 300px) 100vw, 300px\" \/><h2 class=\"woocommerce-loop-product__title\">Fullblend<\/h2>\n<\/a><a href=\"https:\/\/gularo.com\/?product=fullblend\" aria-describedby=\"woocommerce_loop_add_to_cart_link_describedby_2059\" data-quantity=\"1\" class=\"button product_type_simple\" data-product_id=\"2059\" data-product_sku=\"\" aria-label=\"Le\u00e9 m\u00e1s sobre &ldquo;Fullblend&rdquo;\" rel=\"nofollow\" data-success_message=\"\">Leer m\u00e1s<\/a>\t<span id=\"woocommerce_loop_add_to_cart_link_describedby_2059\" class=\"screen-reader-text\">\n\t\t\t<\/span>\n<\/li>\n<li class=\"product type-product post-2050 status-publish instock product_cat-pequenos-electrodomesticos product_cat-stromberg-life has-post-thumbnail shipping-taxable product-type-simple\">\n\t<a href=\"https:\/\/gularo.com\/?product=fresh\" class=\"woocommerce-LoopProduct-link woocommerce-loop-product__link\"><img loading=\"lazy\" decoding=\"async\" width=\"300\" height=\"300\" src=\"https:\/\/gularo.com\/wp-content\/uploads\/2023\/02\/Fresh-fondo-blanco-300x300.png\" class=\"attachment-woocommerce_thumbnail size-woocommerce_thumbnail\" alt=\"Fresh\" srcset=\"https:\/\/gularo.com\/wp-content\/uploads\/2023\/02\/Fresh-fondo-blanco-300x300.png 300w, https:\/\/gularo.com\/wp-content\/uploads\/2023\/02\/Fresh-fondo-blanco-1024x1024.png 1024w, https:\/\/gularo.com\/wp-content\/uploads\/2023\/02\/Fresh-fondo-blanco-150x150.png 150w, https:\/\/gularo.com\/wp-content\/uploads\/2023\/02\/Fresh-fondo-blanco-768x768.png 768w, https:\/\/gularo.com\/wp-content\/uploads\/2023\/02\/Fresh-fondo-blanco-12x12.png 12w, https:\/\/gularo.com\/wp-content\/uploads\/2023\/02\/Fresh-fondo-blanco-600x600.png 600w, https:\/\/gularo.com\/wp-content\/uploads\/2023\/02\/Fresh-fondo-blanco-100x100.png 100w, https:\/\/gularo.com\/wp-content\/uploads\/2023\/02\/Fresh-fondo-blanco.png 1200w\" sizes=\"(max-width: 300px) 100vw, 300px\" \/><h2 class=\"woocommerce-loop-product__title\">Fresh<\/h2>\n<\/a><a href=\"https:\/\/gularo.com\/?product=fresh\" aria-describedby=\"woocommerce_loop_add_to_cart_link_describedby_2050\" data-quantity=\"1\" class=\"button product_type_simple\" data-product_id=\"2050\" data-product_sku=\"\" aria-label=\"Le\u00e9 m\u00e1s sobre &ldquo;Fresh&rdquo;\" rel=\"nofollow\" data-success_message=\"\">Leer m\u00e1s<\/a>\t<span id=\"woocommerce_loop_add_to_cart_link_describedby_2050\" class=\"screen-reader-text\">\n\t\t\t<\/span>\n<\/li>\n<li class=\"product type-product post-2042 status-publish last instock product_cat-pequenos-electrodomesticos has-post-thumbnail shipping-taxable product-type-simple\">\n\t<a href=\"https:\/\/gularo.com\/?product=chop\" class=\"woocommerce-LoopProduct-link woocommerce-loop-product__link\"><img loading=\"lazy\" decoding=\"async\" width=\"300\" height=\"300\" src=\"https:\/\/gularo.com\/wp-content\/uploads\/2023\/02\/1.Chop-portada-png-300x300.png\" class=\"attachment-woocommerce_thumbnail size-woocommerce_thumbnail\" alt=\"Chop\" srcset=\"https:\/\/gularo.com\/wp-content\/uploads\/2023\/02\/1.Chop-portada-png-300x300.png 300w, https:\/\/gularo.com\/wp-content\/uploads\/2023\/02\/1.Chop-portada-png-150x150.png 150w, https:\/\/gularo.com\/wp-content\/uploads\/2023\/02\/1.Chop-portada-png-12x12.png 12w, https:\/\/gularo.com\/wp-content\/uploads\/2023\/02\/1.Chop-portada-png-100x100.png 100w, https:\/\/gularo.com\/wp-content\/uploads\/2023\/02\/1.Chop-portada-png.png 500w\" sizes=\"(max-width: 300px) 100vw, 300px\" \/><h2 class=\"woocommerce-loop-product__title\">Chop<\/h2>\n<\/a><a href=\"https:\/\/gularo.com\/?product=chop\" aria-describedby=\"woocommerce_loop_add_to_cart_link_describedby_2042\" data-quantity=\"1\" class=\"button product_type_simple\" data-product_id=\"2042\" data-product_sku=\"\" aria-label=\"Le\u00e9 m\u00e1s sobre &ldquo;Chop&rdquo;\" rel=\"nofollow\" data-success_message=\"\">Leer m\u00e1s<\/a>\t<span id=\"woocommerce_loop_add_to_cart_link_describedby_2042\" class=\"screen-reader-text\">\n\t\t\t<\/span>\n<\/li>\n<li class=\"product type-product post-1222 status-publish first instock product_cat-calefaccion product_cat-stromberg-life has-post-thumbnail product-type-simple\">\n\t<a href=\"https:\/\/gularo.com\/?product=warm\" class=\"woocommerce-LoopProduct-link woocommerce-loop-product__link\"><img loading=\"lazy\" decoding=\"async\" width=\"300\" height=\"300\" src=\"https:\/\/gularo.com\/wp-content\/uploads\/2022\/09\/Warm-Blanco-2.jpg\" class=\"attachment-woocommerce_thumbnail size-woocommerce_thumbnail\" alt=\"Warm\" \/><h2 class=\"woocommerce-loop-product__title\">Warm<\/h2>\n<\/a><a href=\"https:\/\/gularo.com\/?product=warm\" aria-describedby=\"woocommerce_loop_add_to_cart_link_describedby_1222\" data-quantity=\"1\" class=\"button product_type_simple\" data-product_id=\"1222\" data-product_sku=\"AS-01-WARMM-BL\" aria-label=\"Le\u00e9 m\u00e1s sobre &ldquo;Warm&rdquo;\" rel=\"nofollow\" data-success_message=\"\">Leer m\u00e1s<\/a>\t<span id=\"woocommerce_loop_add_to_cart_link_describedby_1222\" class=\"screen-reader-text\">\n\t\t\t<\/span>\n<\/li>\n<li class=\"product type-product post-1165 status-publish instock product_cat-stromberg-life product_cat-ventilacion has-post-thumbnail product-type-simple\">\n\t<a href=\"https:\/\/gularo.com\/?product=coolwind\" class=\"woocommerce-LoopProduct-link woocommerce-loop-product__link\"><img loading=\"lazy\" decoding=\"async\" width=\"300\" height=\"300\" src=\"https:\/\/gularo.com\/wp-content\/uploads\/2022\/09\/Coolwind-2.jpg\" class=\"attachment-woocommerce_thumbnail size-woocommerce_thumbnail\" alt=\"Coolwind\" \/><h2 class=\"woocommerce-loop-product__title\">Coolwind<\/h2>\n<\/a><a href=\"https:\/\/gularo.com\/?product=coolwind\" aria-describedby=\"woocommerce_loop_add_to_cart_link_describedby_1165\" data-quantity=\"1\" class=\"button product_type_simple\" data-product_id=\"1165\" data-product_sku=\"AS-01-COOLW-NE\" aria-label=\"Le\u00e9 m\u00e1s sobre &ldquo;Coolwind&rdquo;\" rel=\"nofollow\" data-success_message=\"\">Leer m\u00e1s<\/a>\t<span id=\"woocommerce_loop_add_to_cart_link_describedby_1165\" class=\"screen-reader-text\">\n\t\t\t<\/span>\n<\/li>\n<li class=\"product type-product post-1164 status-publish instock product_cat-calefaccion product_cat-stromberg-life has-post-thumbnail product-type-simple\">\n\t<a href=\"https:\/\/gularo.com\/?product=comfy-rojo\" class=\"woocommerce-LoopProduct-link woocommerce-loop-product__link\"><img loading=\"lazy\" decoding=\"async\" width=\"300\" height=\"300\" src=\"https:\/\/gularo.com\/wp-content\/uploads\/2022\/09\/Comfy-Rojo.jpg\" class=\"attachment-woocommerce_thumbnail size-woocommerce_thumbnail\" alt=\"Comfy Rojo\" \/><h2 class=\"woocommerce-loop-product__title\">Comfy Rojo<\/h2>\n<\/a><a href=\"https:\/\/gularo.com\/?product=comfy-rojo\" aria-describedby=\"woocommerce_loop_add_to_cart_link_describedby_1164\" data-quantity=\"1\" class=\"button product_type_simple\" data-product_id=\"1164\" data-product_sku=\"AS-01-COMFY-RO\" aria-label=\"Le\u00e9 m\u00e1s sobre &ldquo;Comfy Rojo&rdquo;\" rel=\"nofollow\" data-success_message=\"\">Leer m\u00e1s<\/a>\t<span id=\"woocommerce_loop_add_to_cart_link_describedby_1164\" class=\"screen-reader-text\">\n\t\t\t<\/span>\n<\/li>\n<li class=\"product type-product post-1163 status-publish last instock product_cat-calefaccion product_cat-stromberg-life has-post-thumbnail product-type-simple\">\n\t<a href=\"https:\/\/gularo.com\/?product=comfy-blanco\" class=\"woocommerce-LoopProduct-link woocommerce-loop-product__link\"><img loading=\"lazy\" decoding=\"async\" width=\"300\" height=\"300\" src=\"https:\/\/gularo.com\/wp-content\/uploads\/2022\/09\/Comfy-Blanco.jpg\" class=\"attachment-woocommerce_thumbnail size-woocommerce_thumbnail\" alt=\"Comfy Blanco\" \/><h2 class=\"woocommerce-loop-product__title\">Comfy Blanco<\/h2>\n<\/a><a href=\"https:\/\/gularo.com\/?product=comfy-blanco\" aria-describedby=\"woocommerce_loop_add_to_cart_link_describedby_1163\" data-quantity=\"1\" class=\"button product_type_simple\" data-product_id=\"1163\" data-product_sku=\"AS-01-COMFY-BL\" aria-label=\"Le\u00e9 m\u00e1s sobre &ldquo;Comfy Blanco&rdquo;\" rel=\"nofollow\" data-success_message=\"\">Leer m\u00e1s<\/a>\t<span id=\"woocommerce_loop_add_to_cart_link_describedby_1163\" class=\"screen-reader-text\">\n\t\t\t<\/span>\n<\/li>\n<li class=\"product type-product post-1160 status-publish first instock product_cat-calefaccion product_cat-stromberg-life has-post-thumbnail product-type-simple\">\n\t<a href=\"https:\/\/gularo.com\/?product=cf-5500\" class=\"woocommerce-LoopProduct-link woocommerce-loop-product__link\"><img loading=\"lazy\" decoding=\"async\" width=\"300\" height=\"300\" src=\"https:\/\/gularo.com\/wp-content\/uploads\/2022\/09\/CF-5500.jpg\" class=\"attachment-woocommerce_thumbnail size-woocommerce_thumbnail\" alt=\"CF-5500\" \/><h2 class=\"woocommerce-loop-product__title\">CF-5500<\/h2>\n<\/a><a href=\"https:\/\/gularo.com\/?product=cf-5500\" aria-describedby=\"woocommerce_loop_add_to_cart_link_describedby_1160\" data-quantity=\"1\" class=\"button product_type_simple\" data-product_id=\"1160\" data-product_sku=\"AS-01-CF550-BL\" aria-label=\"Le\u00e9 m\u00e1s sobre &ldquo;CF-5500&rdquo;\" rel=\"nofollow\" data-success_message=\"\">Leer m\u00e1s<\/a>\t<span id=\"woocommerce_loop_add_to_cart_link_describedby_1160\" class=\"screen-reader-text\">\n\t\t\t<\/span>\n<\/li>\n<li class=\"product type-product post-1159 status-publish instock product_cat-calefaccion product_cat-stromberg-life has-post-thumbnail product-type-simple\">\n\t<a href=\"https:\/\/gularo.com\/?product=cf-4000\" class=\"woocommerce-LoopProduct-link woocommerce-loop-product__link\"><img loading=\"lazy\" decoding=\"async\" width=\"300\" height=\"300\" src=\"https:\/\/gularo.com\/wp-content\/uploads\/2022\/09\/CF-4000.jpg\" class=\"attachment-woocommerce_thumbnail size-woocommerce_thumbnail\" alt=\"CF-4000\" \/><h2 class=\"woocommerce-loop-product__title\">CF-4000<\/h2>\n<\/a><a href=\"https:\/\/gularo.com\/?product=cf-4000\" aria-describedby=\"woocommerce_loop_add_to_cart_link_describedby_1159\" data-quantity=\"1\" class=\"button product_type_simple\" data-product_id=\"1159\" data-product_sku=\"AS-01-CF400-BL\" aria-label=\"Le\u00e9 m\u00e1s sobre &ldquo;CF-4000&rdquo;\" rel=\"nofollow\" data-success_message=\"\">Leer m\u00e1s<\/a>\t<span id=\"woocommerce_loop_add_to_cart_link_describedby_1159\" class=\"screen-reader-text\">\n\t\t\t<\/span>\n<\/li>\n<li class=\"product type-product post-1158 status-publish instock product_cat-calefaccion product_cat-stromberg-life has-post-thumbnail product-type-simple\">\n\t<a href=\"https:\/\/gularo.com\/?product=cf-2500\" class=\"woocommerce-LoopProduct-link woocommerce-loop-product__link\"><img loading=\"lazy\" decoding=\"async\" width=\"300\" height=\"300\" src=\"https:\/\/gularo.com\/wp-content\/uploads\/2022\/09\/CF-2500.jpg\" class=\"attachment-woocommerce_thumbnail size-woocommerce_thumbnail\" alt=\"CF-2500\" \/><h2 class=\"woocommerce-loop-product__title\">CF-2500<\/h2>\n<\/a><a href=\"https:\/\/gularo.com\/?product=cf-2500\" aria-describedby=\"woocommerce_loop_add_to_cart_link_describedby_1158\" data-quantity=\"1\" class=\"button product_type_simple\" data-product_id=\"1158\" data-product_sku=\"AS-01-CF250-BL\" aria-label=\"Le\u00e9 m\u00e1s sobre &ldquo;CF-2500&rdquo;\" rel=\"nofollow\" data-success_message=\"\">Leer m\u00e1s<\/a>\t<span id=\"woocommerce_loop_add_to_cart_link_describedby_1158\" class=\"screen-reader-text\">\n\t\t\t<\/span>\n<\/li>\n<li class=\"product type-product post-1156 status-publish last instock product_cat-stromberg-life product_cat-ventilacion has-post-thumbnail product-type-simple\">\n\t<a href=\"https:\/\/gularo.com\/?product=breeze\" class=\"woocommerce-LoopProduct-link woocommerce-loop-product__link\"><img loading=\"lazy\" decoding=\"async\" width=\"300\" height=\"300\" src=\"https:\/\/gularo.com\/wp-content\/uploads\/2022\/09\/Breeze.jpg\" class=\"attachment-woocommerce_thumbnail size-woocommerce_thumbnail\" alt=\"Breeze\" \/><h2 class=\"woocommerce-loop-product__title\">Breeze<\/h2>\n<\/a><a href=\"https:\/\/gularo.com\/?product=breeze\" aria-describedby=\"woocommerce_loop_add_to_cart_link_describedby_1156\" data-quantity=\"1\" class=\"button product_type_simple\" data-product_id=\"1156\" data-product_sku=\"AS-01-BREEZ-EE\" aria-label=\"Le\u00e9 m\u00e1s sobre &ldquo;Breeze&rdquo;\" rel=\"nofollow\" data-success_message=\"\">Leer m\u00e1s<\/a>\t<span id=\"woocommerce_loop_add_to_cart_link_describedby_1156\" class=\"screen-reader-text\">\n\t\t\t<\/span>\n<\/li>\n<\/ul>\n<\/div>\t\t\t\t<\/div>\n\t\t\t\t<\/div>\n\t\t\t\t\t<\/div>\n\t\t<\/div>\n\t\t\t\t\t<\/div>\n\t\t<\/section>\n\t\t\t\t<\/div>\n\t\t","protected":false},"excerpt":{"rendered":"<p>Filtrar Stromberg Life Calefacci\u00f3n Ventilaci\u00f3n Seleccionar Filtros Stromberg Life Calefacci\u00f3n Ventilaci\u00f3n<\/p>\n","protected":false},"author":2,"featured_media":0,"parent":0,"menu_order":0,"comment_status":"closed","ping_status":"closed","template":"","meta":{"_acf_changed":false,"_monsterinsights_skip_tracking":false,"_monsterinsights_sitenote_active":false,"_monsterinsights_sitenote_note":"","_monsterinsights_sitenote_category":0,"footnotes":""},"class_list":["post-1558","page","type-page","status-publish","hentry"],"acf":[],"aioseo_notices":[],"_links":{"self":[{"href":"https:\/\/gularo.com\/index.php?rest_route=\/wp\/v2\/pages\/1558","targetHints":{"allow":["GET"]}}],"collection":[{"href":"https:\/\/gularo.com\/index.php?rest_route=\/wp\/v2\/pages"}],"about":[{"href":"https:\/\/gularo.com\/index.php?rest_route=\/wp\/v2\/types\/page"}],"author":[{"embeddable":true,"href":"https:\/\/gularo.com\/index.php?rest_route=\/wp\/v2\/users\/2"}],"replies":[{"embeddable":true,"href":"https:\/\/gularo.com\/index.php?rest_route=%2Fwp%2Fv2%2Fcomments&post=1558"}],"version-history":[{"count":15,"href":"https:\/\/gularo.com\/index.php?rest_route=\/wp\/v2\/pages\/1558\/revisions"}],"predecessor-version":[{"id":2519,"href":"https:\/\/gularo.com\/index.php?rest_route=\/wp\/v2\/pages\/1558\/revisions\/2519"}],"wp:attachment":[{"href":"https:\/\/gularo.com\/index.php?rest_route=%2Fwp%2Fv2%2Fmedia&parent=1558"}],"curies":[{"name":"wp","href":"https:\/\/api.w.org\/{rel}","templated":true}]}}