{"id":1155,"date":"2022-09-16T19:22:45","date_gmt":"2022-09-16T19:22:45","guid":{"rendered":"http:\/\/gularo.com\/product\/blare\/"},"modified":"2023-06-23T18:40:18","modified_gmt":"2023-06-23T18:40:18","slug":"blare","status":"publish","type":"product","link":"https:\/\/gularo.com\/?product=blare","title":{"rendered":"Blare"},"content":{"rendered":"<p><iframe title=\"YouTube video player\" src=\"https:\/\/www.youtube.com\/embed\/tNZ95RL1y9E\" width=\"560\" height=\"515\" frameborder=\"0\" allowfullscreen=\"allowfullscreen\"><\/iframe><\/p>\n","protected":false},"excerpt":{"rendered":"<p>Este nuevo parlante sobrio y pr\u00e1ctico lleg\u00f3 para acompa\u00f1arte a todas partes.\u00a0 El Blare cuenta con un subwoofer de 6.5\u201d que logra una potencia de 20W RMS. Conectalo con el Stromberg Jolt o con otro del mismo modelo a trav\u00e9s de Stromberg Connect para crear un efecto est\u00e9reo y armar la fiesta en donde se te ocurra, de manera muy sencilla \u00a1e inal\u00e1mbrica!<\/p>\n<p>Caracter\u00edsticas:<br \/>\nConexi\u00f3n bluetooth<br \/>\nStromberg Connect<br \/>\nBater\u00eda interna 1200mAh<br \/>\nLED audioritmicas<br \/>\n20w RMS potencia real<br \/>\nDi\u00e1metro parlante 1&#215;6.5\u201d<br \/>\nEntrada auxiliar 3.5 mm y 6.5 mm<br \/>\nMedidas:<\/p>\n<p>Alto: 28,5 cm<\/p>\n<p>Profundidad: 17,5 cm<\/p>\n<p>Ancho: 18,5 cm<\/p>\n<p>Medidas embalaje:<\/p>\n<p>Alto: 29,5 cm<\/p>\n<p>Profundidad: 30 cm<\/p>\n<p>Ancho: 18,5 cm<\/p>\n","protected":false},"featured_media":2320,"comment_status":"closed","ping_status":"closed","template":"","meta":{"_acf_changed":false,"_monsterinsights_skip_tracking":false,"_monsterinsights_sitenote_active":false,"_monsterinsights_sitenote_note":"","_monsterinsights_sitenote_category":0},"product_brand":[],"product_cat":[24,25,15],"product_tag":[],"class_list":{"0":"post-1155","1":"product","2":"type-product","3":"status-publish","4":"has-post-thumbnail","6":"product_cat-parlantes","7":"product_cat-parlantes-portatiles","8":"product_cat-stromberg","10":"first","11":"instock","12":"product-type-simple"},"acf":[],"aioseo_notices":[],"_links":{"self":[{"href":"https:\/\/gularo.com\/index.php?rest_route=\/wp\/v2\/product\/1155","targetHints":{"allow":["GET"]}}],"collection":[{"href":"https:\/\/gularo.com\/index.php?rest_route=\/wp\/v2\/product"}],"about":[{"href":"https:\/\/gularo.com\/index.php?rest_route=\/wp\/v2\/types\/product"}],"replies":[{"embeddable":true,"href":"https:\/\/gularo.com\/index.php?rest_route=%2Fwp%2Fv2%2Fcomments&post=1155"}],"wp:featuredmedia":[{"embeddable":true,"href":"https:\/\/gularo.com\/index.php?rest_route=\/wp\/v2\/media\/2320"}],"wp:attachment":[{"href":"https:\/\/gularo.com\/index.php?rest_route=%2Fwp%2Fv2%2Fmedia&parent=1155"}],"wp:term":[{"taxonomy":"product_brand","embeddable":true,"href":"https:\/\/gularo.com\/index.php?rest_route=%2Fwp%2Fv2%2Fproduct_brand&post=1155"},{"taxonomy":"product_cat","embeddable":true,"href":"https:\/\/gularo.com\/index.php?rest_route=%2Fwp%2Fv2%2Fproduct_cat&post=1155"},{"taxonomy":"product_tag","embeddable":true,"href":"https:\/\/gularo.com\/index.php?rest_route=%2Fwp%2Fv2%2Fproduct_tag&post=1155"}],"curies":[{"name":"wp","href":"https:\/\/api.w.org\/{rel}","templated":true}]}}