{"id":1157,"date":"2022-09-16T19:22:45","date_gmt":"2022-09-16T19:22:45","guid":{"rendered":"http:\/\/gularo.com\/product\/bump\/"},"modified":"2023-06-23T18:38:19","modified_gmt":"2023-06-23T18:38:19","slug":"bump","status":"publish","type":"product","link":"https:\/\/gularo.com\/?product=bump","title":{"rendered":"Bump"},"content":{"rendered":"","protected":false},"excerpt":{"rendered":"<p>Este Parlante Bluetooth Grande de 12 pulgadas de di\u00e1metro es sin\u00f3nimo de potencia con sus 60 W RMS. Forma parte de la l\u00ednea de productos Stromberg parlantes port\u00e1tiles grandes.<\/p>\n<p>\u00a1Con\u00e9ctalo a otro Bump o hermano mayor Knock simplemente encendi\u00e9ndolo a trav\u00e9s de Bluetooth TWS! La tecnolog\u00eda TWS marca un paso hacia la evoluci\u00f3n de todos los dispositivos bluetooth de audio. Permite el emparejamiento de dos dispositivos de audio para crear un efecto \u00fanico. El sonido se divide en dos canales, izquierdo y derecho, resultando en una experiencia de sonido envolvente.<\/p>\n<p>Sus parlantes tienen un di\u00e1metro de 12 y de 3 pulgadas que ofrecen una calidad de sonido alta y n\u00edtida. El Parlante Bluetooth Grande Bump est\u00e1 equipado con entrada auxiliar, entrada para micr\u00f3fono y control tanto de eco como de volumen independiente del micr\u00f3fono. Sus medidas de 49cm de alto, 30cm de profundidad y 32cm de ancho lo convierten en un parlante grande con la potencia suficiente para musicalizar una fiesta. Sin embargo, mantiene una caracter\u00edstica clave: la portabilidad.<\/p>\n<p>Caracter\u00edsticas:<br \/>\nDi\u00e1metro parlante 1&#215;12&#8243;<br \/>\nDi\u00e1metro tweeter 1&#215;3&#8243;<br \/>\n60w potencia RMS<br \/>\nEntrada auxiliar<br \/>\nEntrada Mic<br \/>\nControl del eco del micr\u00f3fono<br \/>\nControl de volumen de micr\u00f3fono independiente<br \/>\nIncluye cargador<br \/>\nMedidas:<\/p>\n<p>Alto: 49 cm<\/p>\n<p>Profundidad: 30 cm<\/p>\n<p>Ancho: 32 cm<\/p>\n","protected":false},"featured_media":2310,"comment_status":"closed","ping_status":"closed","template":"","meta":{"_acf_changed":false,"_monsterinsights_skip_tracking":false,"_monsterinsights_sitenote_active":false,"_monsterinsights_sitenote_note":"","_monsterinsights_sitenote_category":0},"product_brand":[],"product_cat":[24,25,15],"product_tag":[],"class_list":{"0":"post-1157","1":"product","2":"type-product","3":"status-publish","4":"has-post-thumbnail","6":"product_cat-parlantes","7":"product_cat-parlantes-portatiles","8":"product_cat-stromberg","10":"first","11":"instock","12":"product-type-simple"},"acf":[],"aioseo_notices":[],"_links":{"self":[{"href":"https:\/\/gularo.com\/index.php?rest_route=\/wp\/v2\/product\/1157","targetHints":{"allow":["GET"]}}],"collection":[{"href":"https:\/\/gularo.com\/index.php?rest_route=\/wp\/v2\/product"}],"about":[{"href":"https:\/\/gularo.com\/index.php?rest_route=\/wp\/v2\/types\/product"}],"replies":[{"embeddable":true,"href":"https:\/\/gularo.com\/index.php?rest_route=%2Fwp%2Fv2%2Fcomments&post=1157"}],"wp:featuredmedia":[{"embeddable":true,"href":"https:\/\/gularo.com\/index.php?rest_route=\/wp\/v2\/media\/2310"}],"wp:attachment":[{"href":"https:\/\/gularo.com\/index.php?rest_route=%2Fwp%2Fv2%2Fmedia&parent=1157"}],"wp:term":[{"taxonomy":"product_brand","embeddable":true,"href":"https:\/\/gularo.com\/index.php?rest_route=%2Fwp%2Fv2%2Fproduct_brand&post=1157"},{"taxonomy":"product_cat","embeddable":true,"href":"https:\/\/gularo.com\/index.php?rest_route=%2Fwp%2Fv2%2Fproduct_cat&post=1157"},{"taxonomy":"product_tag","embeddable":true,"href":"https:\/\/gularo.com\/index.php?rest_route=%2Fwp%2Fv2%2Fproduct_tag&post=1157"}],"curies":[{"name":"wp","href":"https:\/\/api.w.org\/{rel}","templated":true}]}}