{"id":1159,"date":"2022-09-16T19:22:45","date_gmt":"2022-09-16T19:22:45","guid":{"rendered":"http:\/\/gularo.com\/product\/cf-4000\/"},"modified":"2022-11-15T14:31:42","modified_gmt":"2022-11-15T14:31:42","slug":"cf-4000","status":"publish","type":"product","link":"https:\/\/gularo.com\/?product=cf-4000","title":{"rendered":"CF-4000"},"content":{"rendered":"<p><iframe width=\"560\" height=\"515\" src=\"https:\/\/www.youtube.com\/embed\/JK2GzDXfaLo\" title=\"YouTube video player\" frameborder=\"0\" allow=\"accelerometer; autoplay; clipboard-write; encrypted-media; gyroscope; picture-in-picture\" allowfullscreen><\/iframe><\/p>\n","protected":false},"excerpt":{"rendered":"<p>Este calefactor a gas tiro balanceado, tiene un tiraje \u00f3ptimo para interiores.<br \/>\nEs robusto y compacto con encendido el\u00e9ctrico de doble cer\u00e1mica lo que lo hace confiable y duradero.<br \/>\nTiene comandos en la parte superior para su regulaci\u00f3n.<br \/>\nTiene una potencia de 400 kcal que calefacciona de manera envolvente 37m2.<br \/>\nAdem\u00e1s, cuenta con una v\u00e1lvula de seguridad que corta el gas del artefacto si, por alguna raz\u00f3n, se apagan las llamas del quemador para impedir que se contamine el ambiente.<br \/>\nEs apto para ba\u00f1os ya que no consume el ox\u00edgeno del ambiente.<\/p>\n","protected":false},"featured_media":725,"comment_status":"closed","ping_status":"closed","template":"","meta":{"_acf_changed":false,"_monsterinsights_skip_tracking":false,"_monsterinsights_sitenote_active":false,"_monsterinsights_sitenote_note":"","_monsterinsights_sitenote_category":0},"product_brand":[],"product_cat":[31,28],"product_tag":[],"class_list":{"0":"post-1159","1":"product","2":"type-product","3":"status-publish","4":"has-post-thumbnail","6":"product_cat-calefaccion","7":"product_cat-stromberg-life","9":"first","10":"instock","11":"product-type-simple"},"acf":[],"aioseo_notices":[],"_links":{"self":[{"href":"https:\/\/gularo.com\/index.php?rest_route=\/wp\/v2\/product\/1159","targetHints":{"allow":["GET"]}}],"collection":[{"href":"https:\/\/gularo.com\/index.php?rest_route=\/wp\/v2\/product"}],"about":[{"href":"https:\/\/gularo.com\/index.php?rest_route=\/wp\/v2\/types\/product"}],"replies":[{"embeddable":true,"href":"https:\/\/gularo.com\/index.php?rest_route=%2Fwp%2Fv2%2Fcomments&post=1159"}],"wp:featuredmedia":[{"embeddable":true,"href":"https:\/\/gularo.com\/index.php?rest_route=\/wp\/v2\/media\/725"}],"wp:attachment":[{"href":"https:\/\/gularo.com\/index.php?rest_route=%2Fwp%2Fv2%2Fmedia&parent=1159"}],"wp:term":[{"taxonomy":"product_brand","embeddable":true,"href":"https:\/\/gularo.com\/index.php?rest_route=%2Fwp%2Fv2%2Fproduct_brand&post=1159"},{"taxonomy":"product_cat","embeddable":true,"href":"https:\/\/gularo.com\/index.php?rest_route=%2Fwp%2Fv2%2Fproduct_cat&post=1159"},{"taxonomy":"product_tag","embeddable":true,"href":"https:\/\/gularo.com\/index.php?rest_route=%2Fwp%2Fv2%2Fproduct_tag&post=1159"}],"curies":[{"name":"wp","href":"https:\/\/api.w.org\/{rel}","templated":true}]}}