{"id":1163,"date":"2022-09-16T19:22:45","date_gmt":"2022-09-16T19:22:45","guid":{"rendered":"http:\/\/gularo.com\/product\/comfy-blanco\/"},"modified":"2022-10-19T19:26:44","modified_gmt":"2022-10-19T19:26:44","slug":"comfy-blanco","status":"publish","type":"product","link":"https:\/\/gularo.com\/?product=comfy-blanco","title":{"rendered":"Comfy Blanco"},"content":{"rendered":"<p>El caloventor Comfy tiene 2000 watts de potencia que genera un gran calor envolvente.<\/p>\n<p>Dispone de un selector de potencia, que permite regular entre dos temperaturas distintas y un selector de termostato. Adem\u00e1s, cuenta con fusibles de seguridad de desactivaci\u00f3n autom\u00e1tica en caso de sobrecalentamiento o exceso de corriente y pl\u00e1stico ign\u00edfugo. Tiene funci\u00f3n turbo que hace circular el aire.<\/p>\n<p>Gracias a su construcci\u00f3n compacta y manejable, ocupa poco espacio f\u00edsico y se puede transportar f\u00e1cilmente de una habitaci\u00f3n a otra o, incluso, fuera de la casa u oficina.<\/p>\n<p>A diferencia de los sistemas de calefacci\u00f3n que funcionan por combusti\u00f3n a gas, los caloventores no producen gases t\u00f3xicos y pueden utilizarse en espacios cerrados sin ventilaci\u00f3n.<\/p>\n","protected":false},"excerpt":{"rendered":"<p>El caloventor Comfy tiene 2000 watts de potencia que genera un gran calor envolvente.<\/p>\n<p>Dispone de un selector de potencia, que permite regular entre dos temperaturas distintas y un selector de termostato. Adem\u00e1s, cuenta con fusibles de seguridad de desactivaci\u00f3n autom\u00e1tica en caso de sobrecalentamiento o exceso de corriente y pl\u00e1stico ign\u00edfugo. Tiene funci\u00f3n turbo que hace circular el aire.<\/p>\n<p>Gracias a su construcci\u00f3n compacta y manejable, ocupa poco espacio f\u00edsico y se puede transportar f\u00e1cilmente de una habitaci\u00f3n a otra o, incluso, fuera de la casa u oficina.<\/p>\n<p>A diferencia de los sistemas de calefacci\u00f3n que funcionan por combusti\u00f3n a gas, los caloventores no producen gases t\u00f3xicos y pueden utilizarse en espacios cerrados sin ventilaci\u00f3n.<\/p>\n","protected":false},"featured_media":773,"comment_status":"closed","ping_status":"closed","template":"","meta":{"_acf_changed":false,"_monsterinsights_skip_tracking":false,"_monsterinsights_sitenote_active":false,"_monsterinsights_sitenote_note":"","_monsterinsights_sitenote_category":0},"product_brand":[],"product_cat":[31,28],"product_tag":[],"class_list":{"0":"post-1163","1":"product","2":"type-product","3":"status-publish","4":"has-post-thumbnail","6":"product_cat-calefaccion","7":"product_cat-stromberg-life","9":"first","10":"instock","11":"product-type-simple"},"acf":[],"aioseo_notices":[],"_links":{"self":[{"href":"https:\/\/gularo.com\/index.php?rest_route=\/wp\/v2\/product\/1163","targetHints":{"allow":["GET"]}}],"collection":[{"href":"https:\/\/gularo.com\/index.php?rest_route=\/wp\/v2\/product"}],"about":[{"href":"https:\/\/gularo.com\/index.php?rest_route=\/wp\/v2\/types\/product"}],"replies":[{"embeddable":true,"href":"https:\/\/gularo.com\/index.php?rest_route=%2Fwp%2Fv2%2Fcomments&post=1163"}],"wp:featuredmedia":[{"embeddable":true,"href":"https:\/\/gularo.com\/index.php?rest_route=\/wp\/v2\/media\/773"}],"wp:attachment":[{"href":"https:\/\/gularo.com\/index.php?rest_route=%2Fwp%2Fv2%2Fmedia&parent=1163"}],"wp:term":[{"taxonomy":"product_brand","embeddable":true,"href":"https:\/\/gularo.com\/index.php?rest_route=%2Fwp%2Fv2%2Fproduct_brand&post=1163"},{"taxonomy":"product_cat","embeddable":true,"href":"https:\/\/gularo.com\/index.php?rest_route=%2Fwp%2Fv2%2Fproduct_cat&post=1163"},{"taxonomy":"product_tag","embeddable":true,"href":"https:\/\/gularo.com\/index.php?rest_route=%2Fwp%2Fv2%2Fproduct_tag&post=1163"}],"curies":[{"name":"wp","href":"https:\/\/api.w.org\/{rel}","templated":true}]}}