{"id":1165,"date":"2022-09-16T19:22:45","date_gmt":"2022-09-16T19:22:45","guid":{"rendered":"http:\/\/gularo.com\/product\/coolwind\/"},"modified":"2022-11-15T14:35:30","modified_gmt":"2022-11-15T14:35:30","slug":"coolwind","status":"publish","type":"product","link":"https:\/\/gularo.com\/?product=coolwind","title":{"rendered":"Coolwind"},"content":{"rendered":"<p><iframe width=\"560\" height=\"515\" src=\"https:\/\/www.youtube.com\/embed\/ScHNvWcScus\" title=\"YouTube video player\" frameborder=\"0\" allow=\"accelerometer; autoplay; clipboard-write; encrypted-media; gyroscope; picture-in-picture\" allowfullscreen><\/iframe><\/p>\n","protected":false},"excerpt":{"rendered":"<p>COOLWIND<br \/>\nEste nuevo producto, que lleg\u00f3 para unirse a la familia de Stromberg Life, combina lo mejor en calidad y tecnolog\u00eda, con un dise\u00f1o sobrio y silencioso ideal para cualquier ambiente.<\/p>\n<p>El Stromberg Coolwind, de 1m 70cm de altura, tiene aspas de 20 pulgadas que generan un flujo grande de aire. Las mismas, al ser r\u00edgidas de polipropileno, reducen vibraciones y ruidos garantizando as\u00ed, un funcionamiento silencioso.<\/p>\n<p>El ventilador tiene un motor de 70W que proporciona potencia y eficacia en sus 4 velocidades diferentes.<\/p>\n<p>Adem\u00e1s, cuenta con temporizador regulable de 2 a 120 minutos.<\/p>\n<p>\u25cf Dise\u00f1o silencioso<br \/>\n\u25cf Motor de 70W<br \/>\n\u25cf Velocidad regulable (4 velocidades)<br \/>\n\u25cf Temporizador (de 2 a 120 minutos)<br \/>\n\u25cf Altura m\u00e1xima 1,7 metros<br \/>\n\u25cf Aspas de 20\u201d<\/p>\n<p>Medidas:<br \/>\nAncho: 52 cm<br \/>\nAlto: 170 cm<\/p>\n<p>Medidas embalaje:<br \/>\nAlto: 68,1 cm<br \/>\nAncho: 59,1 cm<br \/>\nProfundo: 13,6 cm<\/p>\n","protected":false},"featured_media":785,"comment_status":"closed","ping_status":"closed","template":"","meta":{"_acf_changed":false,"_monsterinsights_skip_tracking":false,"_monsterinsights_sitenote_active":false,"_monsterinsights_sitenote_note":"","_monsterinsights_sitenote_category":0},"product_brand":[],"product_cat":[28,30],"product_tag":[],"class_list":{"0":"post-1165","1":"product","2":"type-product","3":"status-publish","4":"has-post-thumbnail","6":"product_cat-stromberg-life","7":"product_cat-ventilacion","9":"first","10":"instock","11":"product-type-simple"},"acf":[],"aioseo_notices":[],"_links":{"self":[{"href":"https:\/\/gularo.com\/index.php?rest_route=\/wp\/v2\/product\/1165","targetHints":{"allow":["GET"]}}],"collection":[{"href":"https:\/\/gularo.com\/index.php?rest_route=\/wp\/v2\/product"}],"about":[{"href":"https:\/\/gularo.com\/index.php?rest_route=\/wp\/v2\/types\/product"}],"replies":[{"embeddable":true,"href":"https:\/\/gularo.com\/index.php?rest_route=%2Fwp%2Fv2%2Fcomments&post=1165"}],"wp:featuredmedia":[{"embeddable":true,"href":"https:\/\/gularo.com\/index.php?rest_route=\/wp\/v2\/media\/785"}],"wp:attachment":[{"href":"https:\/\/gularo.com\/index.php?rest_route=%2Fwp%2Fv2%2Fmedia&parent=1165"}],"wp:term":[{"taxonomy":"product_brand","embeddable":true,"href":"https:\/\/gularo.com\/index.php?rest_route=%2Fwp%2Fv2%2Fproduct_brand&post=1165"},{"taxonomy":"product_cat","embeddable":true,"href":"https:\/\/gularo.com\/index.php?rest_route=%2Fwp%2Fv2%2Fproduct_cat&post=1165"},{"taxonomy":"product_tag","embeddable":true,"href":"https:\/\/gularo.com\/index.php?rest_route=%2Fwp%2Fv2%2Fproduct_tag&post=1165"}],"curies":[{"name":"wp","href":"https:\/\/api.w.org\/{rel}","templated":true}]}}