{"id":1171,"date":"2022-09-16T19:22:45","date_gmt":"2022-09-16T19:22:45","guid":{"rendered":"http:\/\/gularo.com\/product\/dhh-1205\/"},"modified":"2022-10-20T15:08:53","modified_gmt":"2022-10-20T15:08:53","slug":"dhh-1205","status":"publish","type":"product","link":"https:\/\/gularo.com\/?product=dhh-1205","title":{"rendered":"DHH-1205"},"content":{"rendered":"","protected":false},"excerpt":{"rendered":"<p>Llev\u00e1 siempre encima tus auriculares HP para escaparte de la rutina y sumergite en la m\u00fasica que m\u00e1s te gusta cu\u00e1ndo y d\u00f3nde quieras.<br \/>\nLos auriculares DHH-1205 se apoyan sobre tus o\u00eddos c\u00f3modamente y te brindan una calidad de sonido premium.<br \/>\nCaracter\u00edsticas:<br \/>\n\u2022 Entrada Auxiliar 3.5mm<br \/>\n\u2022 Cable de 1.2m de largo<br \/>\n\u2022 Micr\u00f3fono incorporado<br \/>\n\u2022 Dise\u00f1o liviano<br \/>\n\u2022 Plegables<\/p>\n<p>Medidas:<br \/>\nAlto: 18,5 cm<br \/>\nProfundidad: 7 cm<br \/>\nAncho: 11,5 cm<\/p>\n","protected":false},"featured_media":857,"comment_status":"closed","ping_status":"closed","template":"","meta":{"_acf_changed":false,"_monsterinsights_skip_tracking":false,"_monsterinsights_sitenote_active":false,"_monsterinsights_sitenote_note":"","_monsterinsights_sitenote_category":0},"product_brand":[],"product_cat":[34,35,26],"product_tag":[],"class_list":{"0":"post-1171","1":"product","2":"type-product","3":"status-publish","4":"has-post-thumbnail","6":"product_cat-auriculares-hp","7":"product_cat-headphones","8":"product_cat-hp","10":"first","11":"instock","12":"product-type-simple"},"acf":[],"aioseo_notices":[],"_links":{"self":[{"href":"https:\/\/gularo.com\/index.php?rest_route=\/wp\/v2\/product\/1171","targetHints":{"allow":["GET"]}}],"collection":[{"href":"https:\/\/gularo.com\/index.php?rest_route=\/wp\/v2\/product"}],"about":[{"href":"https:\/\/gularo.com\/index.php?rest_route=\/wp\/v2\/types\/product"}],"replies":[{"embeddable":true,"href":"https:\/\/gularo.com\/index.php?rest_route=%2Fwp%2Fv2%2Fcomments&post=1171"}],"wp:featuredmedia":[{"embeddable":true,"href":"https:\/\/gularo.com\/index.php?rest_route=\/wp\/v2\/media\/857"}],"wp:attachment":[{"href":"https:\/\/gularo.com\/index.php?rest_route=%2Fwp%2Fv2%2Fmedia&parent=1171"}],"wp:term":[{"taxonomy":"product_brand","embeddable":true,"href":"https:\/\/gularo.com\/index.php?rest_route=%2Fwp%2Fv2%2Fproduct_brand&post=1171"},{"taxonomy":"product_cat","embeddable":true,"href":"https:\/\/gularo.com\/index.php?rest_route=%2Fwp%2Fv2%2Fproduct_cat&post=1171"},{"taxonomy":"product_tag","embeddable":true,"href":"https:\/\/gularo.com\/index.php?rest_route=%2Fwp%2Fv2%2Fproduct_tag&post=1171"}],"curies":[{"name":"wp","href":"https:\/\/api.w.org\/{rel}","templated":true}]}}