{"id":1172,"date":"2022-09-16T19:22:45","date_gmt":"2022-09-16T19:22:45","guid":{"rendered":"http:\/\/gularo.com\/product\/dhe-6000\/"},"modified":"2022-10-20T15:06:57","modified_gmt":"2022-10-20T15:06:57","slug":"dhe-6000","status":"publish","type":"product","link":"https:\/\/gularo.com\/?product=dhe-6000","title":{"rendered":"DHE-6000"},"content":{"rendered":"","protected":false},"excerpt":{"rendered":"<p>Sonido n\u00edtido y potente para tu escritorio, tecnolog\u00eda de primer nivel para gaming y oficinas<\/p>\n<p>Parlantes Multimedia con luces LED<\/p>\n<p>\u2022 Ecualizador integrado balancea agudos, medios y graves para un sonido m\u00e1s claro y n\u00edtido<br \/>\n\u2022 Entrada Auxiliar 3.5mm<br \/>\n\u2022 F\u00e1cil conexi\u00f3n, conect\u00e1 el USB a tu Dispositivo y el cable de 3,5mm a la entrada auxiliar<br \/>\n\u2022 Cable de 1,1m<br \/>\n\u2022 Control de Volumen<\/p>\n<p>Potencia: 2 x 3 W RMS<\/p>\n<p>Frecuencia: 150Hz &#8211; 20KHz<\/p>\n<p>Sensibilidad: 85dB \u00b1 3dB<\/p>\n<p>Medidas: (correspondiente a cada parlante)<\/p>\n<p>Alto: 11 cm<br \/>\nAncho: 7 cm<br \/>\nProfundidad: 7 cm<\/p>\n","protected":false},"featured_media":804,"comment_status":"closed","ping_status":"closed","template":"","meta":{"_acf_changed":false,"_monsterinsights_skip_tracking":false,"_monsterinsights_sitenote_active":false,"_monsterinsights_sitenote_note":"","_monsterinsights_sitenote_category":0},"product_brand":[],"product_cat":[26,36,37],"product_tag":[],"class_list":{"0":"post-1172","1":"product","2":"type-product","3":"status-publish","4":"has-post-thumbnail","6":"product_cat-hp","7":"product_cat-parlantes-hp","8":"product_cat-parlantes-multimedia","10":"first","11":"instock","12":"product-type-simple"},"acf":[],"aioseo_notices":[],"_links":{"self":[{"href":"https:\/\/gularo.com\/index.php?rest_route=\/wp\/v2\/product\/1172","targetHints":{"allow":["GET"]}}],"collection":[{"href":"https:\/\/gularo.com\/index.php?rest_route=\/wp\/v2\/product"}],"about":[{"href":"https:\/\/gularo.com\/index.php?rest_route=\/wp\/v2\/types\/product"}],"replies":[{"embeddable":true,"href":"https:\/\/gularo.com\/index.php?rest_route=%2Fwp%2Fv2%2Fcomments&post=1172"}],"wp:featuredmedia":[{"embeddable":true,"href":"https:\/\/gularo.com\/index.php?rest_route=\/wp\/v2\/media\/804"}],"wp:attachment":[{"href":"https:\/\/gularo.com\/index.php?rest_route=%2Fwp%2Fv2%2Fmedia&parent=1172"}],"wp:term":[{"taxonomy":"product_brand","embeddable":true,"href":"https:\/\/gularo.com\/index.php?rest_route=%2Fwp%2Fv2%2Fproduct_brand&post=1172"},{"taxonomy":"product_cat","embeddable":true,"href":"https:\/\/gularo.com\/index.php?rest_route=%2Fwp%2Fv2%2Fproduct_cat&post=1172"},{"taxonomy":"product_tag","embeddable":true,"href":"https:\/\/gularo.com\/index.php?rest_route=%2Fwp%2Fv2%2Fproduct_tag&post=1172"}],"curies":[{"name":"wp","href":"https:\/\/api.w.org\/{rel}","templated":true}]}}