{"id":1175,"date":"2022-09-16T19:22:49","date_gmt":"2022-09-16T19:22:49","guid":{"rendered":"http:\/\/gularo.com\/product\/dhe-7000\/"},"modified":"2022-10-20T14:48:17","modified_gmt":"2022-10-20T14:48:17","slug":"dhe-7000","status":"publish","type":"product","link":"https:\/\/gularo.com\/?product=dhe-7000","title":{"rendered":"DHE-7000"},"content":{"rendered":"","protected":false},"excerpt":{"rendered":"<p>La nueva l\u00ednea de HP lleg\u00f3 para quedarse, tecnolog\u00eda de primer nivel para gaming y oficinas<\/p>\n<p>Puede utilizarse en celulares c\u00f3mo tambi\u00e9n en PC, Laptop, PS4 y Xbox<\/p>\n<p>Caracter\u00edsticas:<br \/>\n\u2022 Stereo Deep Bass con micr\u00f3fono<br \/>\n\u2022 Tecnolog\u00eda de recubrimiento de cable que previene enriedos<br \/>\n\u2022 Bot\u00f3n Smart (play\/pausa, avanzar\/retroceder canci\u00f3n, asistente virtual)<br \/>\n\u2022 Entrada Auxiliar 3.5mm<br \/>\n\u2022 Funci\u00f3n manos libres para hablar por celular<br \/>\n\u2022 Cable de 1,1m<br \/>\n\u2022 Micr\u00f3fono omnidireccional<\/p>\n<p>Potencia: 3mW S<br \/>\nFrecuencia:20Hz &#8211; 20KHz<br \/>\nSensibilidad:90dB \u00b1 3dB<\/p>\n","protected":false},"featured_media":826,"comment_status":"closed","ping_status":"closed","template":"","meta":{"_acf_changed":false,"_monsterinsights_skip_tracking":false,"_monsterinsights_sitenote_active":false,"_monsterinsights_sitenote_note":"","_monsterinsights_sitenote_category":0},"product_brand":[],"product_cat":[34,26,38],"product_tag":[],"class_list":{"0":"post-1175","1":"product","2":"type-product","3":"status-publish","4":"has-post-thumbnail","6":"product_cat-auriculares-hp","7":"product_cat-hp","8":"product_cat-in-ear","10":"first","11":"instock","12":"product-type-simple"},"acf":[],"aioseo_notices":[],"_links":{"self":[{"href":"https:\/\/gularo.com\/index.php?rest_route=\/wp\/v2\/product\/1175","targetHints":{"allow":["GET"]}}],"collection":[{"href":"https:\/\/gularo.com\/index.php?rest_route=\/wp\/v2\/product"}],"about":[{"href":"https:\/\/gularo.com\/index.php?rest_route=\/wp\/v2\/types\/product"}],"replies":[{"embeddable":true,"href":"https:\/\/gularo.com\/index.php?rest_route=%2Fwp%2Fv2%2Fcomments&post=1175"}],"wp:featuredmedia":[{"embeddable":true,"href":"https:\/\/gularo.com\/index.php?rest_route=\/wp\/v2\/media\/826"}],"wp:attachment":[{"href":"https:\/\/gularo.com\/index.php?rest_route=%2Fwp%2Fv2%2Fmedia&parent=1175"}],"wp:term":[{"taxonomy":"product_brand","embeddable":true,"href":"https:\/\/gularo.com\/index.php?rest_route=%2Fwp%2Fv2%2Fproduct_brand&post=1175"},{"taxonomy":"product_cat","embeddable":true,"href":"https:\/\/gularo.com\/index.php?rest_route=%2Fwp%2Fv2%2Fproduct_cat&post=1175"},{"taxonomy":"product_tag","embeddable":true,"href":"https:\/\/gularo.com\/index.php?rest_route=%2Fwp%2Fv2%2Fproduct_tag&post=1175"}],"curies":[{"name":"wp","href":"https:\/\/api.w.org\/{rel}","templated":true}]}}