{"id":1176,"date":"2022-09-16T19:22:49","date_gmt":"2022-09-16T19:22:49","guid":{"rendered":"http:\/\/gularo.com\/product\/dhe-8002\/"},"modified":"2022-10-20T14:44:16","modified_gmt":"2022-10-20T14:44:16","slug":"dhe-8002","status":"publish","type":"product","link":"https:\/\/gularo.com\/?product=dhe-8002","title":{"rendered":"DHE-8002"},"content":{"rendered":"","protected":false},"excerpt":{"rendered":"<p>La nueva l\u00ednea de HP lleg\u00f3 para quedarse, tecnolog\u00eda de primer nivel para gaming y oficinas<\/p>\n<p>Puede utilizarse con luces en: PC y Laptop, sin luces en: PS4 y Xbox<\/p>\n<p>Headphone con aux 3,5mm y USB para LEDs<\/p>\n<p>Caracter\u00edsticas:<br \/>\n\u2022 Stereo Deep Bass con efecto Surround<br \/>\n\u2022 Luces LED<br \/>\n\u2022 Entrada Auxiliar 3.5mm<br \/>\n\u2022 Cable de 2m<br \/>\n\u2022 Ajuste de volumen On-ear<br \/>\n\u2022 Micr\u00f3fono omnidireccional ajustable<br \/>\n\u2022 Adaptador separar la salida aux 3.5mm en mic y audio<\/p>\n<p>Potencia: 15mW S<br \/>\nFrecuencia: 20Hz &#8211; 20KHz<br \/>\nSensibilidad: 116dB \u00b1 3dB<\/p>\n","protected":false},"featured_media":831,"comment_status":"closed","ping_status":"closed","template":"","meta":{"_acf_changed":false,"_monsterinsights_skip_tracking":false,"_monsterinsights_sitenote_active":false,"_monsterinsights_sitenote_note":"","_monsterinsights_sitenote_category":0},"product_brand":[],"product_cat":[34,35,26],"product_tag":[],"class_list":{"0":"post-1176","1":"product","2":"type-product","3":"status-publish","4":"has-post-thumbnail","6":"product_cat-auriculares-hp","7":"product_cat-headphones","8":"product_cat-hp","10":"first","11":"instock","12":"product-type-simple"},"acf":[],"aioseo_notices":[],"_links":{"self":[{"href":"https:\/\/gularo.com\/index.php?rest_route=\/wp\/v2\/product\/1176","targetHints":{"allow":["GET"]}}],"collection":[{"href":"https:\/\/gularo.com\/index.php?rest_route=\/wp\/v2\/product"}],"about":[{"href":"https:\/\/gularo.com\/index.php?rest_route=\/wp\/v2\/types\/product"}],"replies":[{"embeddable":true,"href":"https:\/\/gularo.com\/index.php?rest_route=%2Fwp%2Fv2%2Fcomments&post=1176"}],"wp:featuredmedia":[{"embeddable":true,"href":"https:\/\/gularo.com\/index.php?rest_route=\/wp\/v2\/media\/831"}],"wp:attachment":[{"href":"https:\/\/gularo.com\/index.php?rest_route=%2Fwp%2Fv2%2Fmedia&parent=1176"}],"wp:term":[{"taxonomy":"product_brand","embeddable":true,"href":"https:\/\/gularo.com\/index.php?rest_route=%2Fwp%2Fv2%2Fproduct_brand&post=1176"},{"taxonomy":"product_cat","embeddable":true,"href":"https:\/\/gularo.com\/index.php?rest_route=%2Fwp%2Fv2%2Fproduct_cat&post=1176"},{"taxonomy":"product_tag","embeddable":true,"href":"https:\/\/gularo.com\/index.php?rest_route=%2Fwp%2Fv2%2Fproduct_tag&post=1176"}],"curies":[{"name":"wp","href":"https:\/\/api.w.org\/{rel}","templated":true}]}}