{"id":1178,"date":"2022-09-16T19:22:49","date_gmt":"2022-09-16T19:22:49","guid":{"rendered":"http:\/\/gularo.com\/product\/dhe-8009\/"},"modified":"2022-10-20T14:38:03","modified_gmt":"2022-10-20T14:38:03","slug":"dhe-8009","status":"publish","type":"product","link":"https:\/\/gularo.com\/?product=dhe-8009","title":{"rendered":"DHE-8009"},"content":{"rendered":"","protected":false},"excerpt":{"rendered":"<p>Llev\u00e1 siempre encima tus auriculares HP para escaparte de la rutina y sumergite en la m\u00fasica que m\u00e1s te gusta cu\u00e1ndo y d\u00f3nde quieras.<br \/>\nEstos auriculares HP 8009 est\u00e1n hechos para oficina y home-office. Su dise\u00f1o liviano y almohadillas blandas permiten que los utilices durante todo el d\u00eda con comodidad.<br \/>\nCuenta con un micr\u00f3fono omnidireccional que capta la voz para darte una sensaci\u00f3n de inmersi\u00f3n durante reuniones virtuales.<br \/>\nCaracter\u00edsticas:<br \/>\n\u2022 Entrada Auxiliar 3.5mm<br \/>\n\u2022 Cable de 1.2m de largo<br \/>\n\u2022 Micr\u00f3fono incorporado<br \/>\n\u2022 Dise\u00f1o liviano<br \/>\nMedidas:<br \/>\nAlto: 18,5 cm<br \/>\nProfundidad: 7 cm<br \/>\nAncho: 11,5 cm<\/p>\n","protected":false},"featured_media":845,"comment_status":"closed","ping_status":"closed","template":"","meta":{"_acf_changed":false,"_monsterinsights_skip_tracking":false,"_monsterinsights_sitenote_active":false,"_monsterinsights_sitenote_note":"","_monsterinsights_sitenote_category":0},"product_brand":[],"product_cat":[34,35,26],"product_tag":[],"class_list":{"0":"post-1178","1":"product","2":"type-product","3":"status-publish","4":"has-post-thumbnail","6":"product_cat-auriculares-hp","7":"product_cat-headphones","8":"product_cat-hp","10":"first","11":"instock","12":"product-type-simple"},"acf":[],"aioseo_notices":[],"_links":{"self":[{"href":"https:\/\/gularo.com\/index.php?rest_route=\/wp\/v2\/product\/1178","targetHints":{"allow":["GET"]}}],"collection":[{"href":"https:\/\/gularo.com\/index.php?rest_route=\/wp\/v2\/product"}],"about":[{"href":"https:\/\/gularo.com\/index.php?rest_route=\/wp\/v2\/types\/product"}],"replies":[{"embeddable":true,"href":"https:\/\/gularo.com\/index.php?rest_route=%2Fwp%2Fv2%2Fcomments&post=1178"}],"wp:featuredmedia":[{"embeddable":true,"href":"https:\/\/gularo.com\/index.php?rest_route=\/wp\/v2\/media\/845"}],"wp:attachment":[{"href":"https:\/\/gularo.com\/index.php?rest_route=%2Fwp%2Fv2%2Fmedia&parent=1178"}],"wp:term":[{"taxonomy":"product_brand","embeddable":true,"href":"https:\/\/gularo.com\/index.php?rest_route=%2Fwp%2Fv2%2Fproduct_brand&post=1178"},{"taxonomy":"product_cat","embeddable":true,"href":"https:\/\/gularo.com\/index.php?rest_route=%2Fwp%2Fv2%2Fproduct_cat&post=1178"},{"taxonomy":"product_tag","embeddable":true,"href":"https:\/\/gularo.com\/index.php?rest_route=%2Fwp%2Fv2%2Fproduct_tag&post=1178"}],"curies":[{"name":"wp","href":"https:\/\/api.w.org\/{rel}","templated":true}]}}