{"id":1185,"date":"2022-09-16T19:22:49","date_gmt":"2022-09-16T19:22:49","guid":{"rendered":"http:\/\/gularo.com\/product\/digity-2\/"},"modified":"2023-05-18T13:39:20","modified_gmt":"2023-05-18T13:39:20","slug":"digity-2","status":"publish","type":"product","link":"https:\/\/gularo.com\/?product=digity-2","title":{"rendered":"Digity 2"},"content":{"rendered":"<p><iframe title=\"YouTube video player\" src=\"https:\/\/www.youtube.com\/embed\/Gx2yDuD5dHc\" width=\"560\" height=\"515\" frameborder=\"0\" allowfullscreen=\"allowfullscreen\"><\/iframe><\/p>\n","protected":false},"excerpt":{"rendered":"<p>Te presentamos desde Stromberg a Digity, un parlante mediano port\u00e1til caracterizado por su potencia y el rendimiento que ofrece. Forma parte de nuestra secci\u00f3n de parlantes port\u00e1tiles medianos compuesta por equipos que ofrecen grandes rendimientos a buenos precios y tama\u00f1os compactos. Su altavoz con un di\u00e1metro de 1.8 pulgadas fue construido con los mejores materiales disponibles. De esta manera, ofrece una gran calidad de sonido y una potencia de 20W RMS. Sus medidas son de 38cm de alto, 20cm de profundidad y 22cm de ancho. Su versatilidad lo convierte en una de las mejores opciones para quienes buscan dispositivos transportables, pero con potencia y calidad de audio. Est\u00e1 equipado con una de las tecnolog\u00edas m\u00e1s novedosas del mercado: TWS. Esta tecnolog\u00eda marca un paso hacia la evoluci\u00f3n de todos los dispositivos bluetooth. Permite, en t\u00e9rminos simples, el emparejamiento de dos dispositivos Stromberg para crear un efecto est\u00e9reo envolvente. Su bater\u00eda interna es de 1500 mAh lo que le permite ofrecer horas de reproducci\u00f3n continua. \u00a0Adicionalmente cuenta con entrada auxiliar, entrada para micr\u00f3fono, cargador, ecualizador digital, control del eco del micr\u00f3fono, control del micr\u00f3fono independiente y, por \u00faltimo pero no menos importante, un juego de luces audior\u00edtmicas.<\/p>\n<p>Caracter\u00edsticas:<br \/>\nDi\u00e1metro parlante 1&#215;8&#8243;<br \/>\n20w RMS potencia real<br \/>\nBater\u00eda interna (1500 mah)<br \/>\nDuraci\u00f3n bater\u00eda 6hs.<br \/>\nEntrada auxiliar<br \/>\nEntrada para micr\u00f3fono<br \/>\nControl del eco del micr\u00f3fono<br \/>\nControl de volumen de micr\u00f3fono independiente<br \/>\nEcualizador digital<br \/>\nTWS<br \/>\nLuces LED<br \/>\nEntrada 1.45&#8243; para tr\u00edpode<\/p>\n<p>Medidas:<\/p>\n<p>Alto: 38 cm<\/p>\n<p>Profundidad: 20 cm<\/p>\n<p>Ancho: 22 cm<\/p>\n","protected":false},"featured_media":875,"comment_status":"closed","ping_status":"closed","template":"","meta":{"_acf_changed":false,"_monsterinsights_skip_tracking":false,"_monsterinsights_sitenote_active":false,"_monsterinsights_sitenote_note":"","_monsterinsights_sitenote_category":0},"product_brand":[],"product_cat":[24,25,15],"product_tag":[],"class_list":{"0":"post-1185","1":"product","2":"type-product","3":"status-publish","4":"has-post-thumbnail","6":"product_cat-parlantes","7":"product_cat-parlantes-portatiles","8":"product_cat-stromberg","10":"first","11":"instock","12":"product-type-simple"},"acf":[],"aioseo_notices":[],"_links":{"self":[{"href":"https:\/\/gularo.com\/index.php?rest_route=\/wp\/v2\/product\/1185","targetHints":{"allow":["GET"]}}],"collection":[{"href":"https:\/\/gularo.com\/index.php?rest_route=\/wp\/v2\/product"}],"about":[{"href":"https:\/\/gularo.com\/index.php?rest_route=\/wp\/v2\/types\/product"}],"replies":[{"embeddable":true,"href":"https:\/\/gularo.com\/index.php?rest_route=%2Fwp%2Fv2%2Fcomments&post=1185"}],"wp:featuredmedia":[{"embeddable":true,"href":"https:\/\/gularo.com\/index.php?rest_route=\/wp\/v2\/media\/875"}],"wp:attachment":[{"href":"https:\/\/gularo.com\/index.php?rest_route=%2Fwp%2Fv2%2Fmedia&parent=1185"}],"wp:term":[{"taxonomy":"product_brand","embeddable":true,"href":"https:\/\/gularo.com\/index.php?rest_route=%2Fwp%2Fv2%2Fproduct_brand&post=1185"},{"taxonomy":"product_cat","embeddable":true,"href":"https:\/\/gularo.com\/index.php?rest_route=%2Fwp%2Fv2%2Fproduct_cat&post=1185"},{"taxonomy":"product_tag","embeddable":true,"href":"https:\/\/gularo.com\/index.php?rest_route=%2Fwp%2Fv2%2Fproduct_tag&post=1185"}],"curies":[{"name":"wp","href":"https:\/\/api.w.org\/{rel}","templated":true}]}}