{"id":1187,"date":"2022-09-16T19:22:49","date_gmt":"2022-09-16T19:22:49","guid":{"rendered":"http:\/\/gularo.com\/product\/dj-5004\/"},"modified":"2023-06-23T18:26:06","modified_gmt":"2023-06-23T18:26:06","slug":"dj-5004","status":"publish","type":"product","link":"https:\/\/gularo.com\/?product=dj-5004","title":{"rendered":"DJ-5004"},"content":{"rendered":"<p><iframe title=\"YouTube video player\" src=\"https:\/\/www.youtube.com\/embed\/Yrvx5eC9XIw\" width=\"560\" height=\"515\" frameborder=\"0\" allowfullscreen=\"allowfullscreen\"><\/iframe><\/p>\n","protected":false},"excerpt":{"rendered":"<p>No importa la ocasi\u00f3n, este Parlante Torre Stromberg lo tiene todo. Perfecta para disfrutar en grupos gracias a su potencia y claridad. Forma parte de la l\u00ednea de productos Stromberg parlantes torres y \u00a1es el producto m\u00e1s potente del todo el lineal!<\/p>\n<p>Es una Torre que suena bien en interiores como as\u00ed tambi\u00e9n al aire libre al poder ajustarle los bajos, medios y agudos a tu gusto. Est\u00e1 compuesta por dos parlantes woofer de 10 pulgadas y dos de 3 pulgadas que en conjunto ofrecen 140w RMS reales de potencia. Tiene conexi\u00f3n 220v exclusivamente para poder ofrecer un alto rendimiento, doble entrada de 6.5mm para micr\u00f3fono y guitarra y una entrada de 3.5mm para celular.<\/p>\n<p>La tecnolog\u00eda DeepBass\u00ae desarrollada para esta l\u00ednea de productos crea bajos incre\u00edbles y claros. Dejando lugar para potentes agudos y medios, ajustalos como quieras con su ecualizador digital. Es un agregado clave para una Torre de este tipo.<\/p>\n<p>Adem\u00e1s cuenta con un juego de luces LED audiorr\u00edtimicas para agregarle un toque de color a tus fiestas. Adem\u00e1s, trae la tecnolog\u00eda TWS para conectar con otro Stromberg DJ-5004 o con un DJ-4004 o un DJ-6004.<\/p>\n<p>Caracter\u00edsticas:<br \/>\n140W RMS reales<br \/>\nConexi\u00f3n 220V \u00fanicamente<br \/>\nConexi\u00f3n bluetooth<br \/>\nEntrada auxiliar 3.5mm y 6.5mm<br \/>\nLED audioritmicas<br \/>\n2 Parlantes Woofer de 10&#8243;<br \/>\n2 Parlantes Tweeter de 3&#8243;<br \/>\nBluetooth TWS<br \/>\nControl de bajos y agudos<br \/>\nEcualizador integrado<br \/>\nEntrada para micr\u00f3fono y guitarra<br \/>\nRuedas y manija telesc\u00f3pica<br \/>\nMedidas:<\/p>\n<p>Alto: 99,5 cm<\/p>\n<p>Profundidad: 27,5 cm<\/p>\n<p>Ancho:\u00a0 31.5 cm<\/p>\n","protected":false},"featured_media":2284,"comment_status":"closed","ping_status":"closed","template":"","meta":{"_acf_changed":false,"_monsterinsights_skip_tracking":false,"_monsterinsights_sitenote_active":false,"_monsterinsights_sitenote_note":"","_monsterinsights_sitenote_category":0},"product_brand":[],"product_cat":[24,15,39],"product_tag":[],"class_list":{"0":"post-1187","1":"product","2":"type-product","3":"status-publish","4":"has-post-thumbnail","6":"product_cat-parlantes","7":"product_cat-stromberg","8":"product_cat-torres","10":"first","11":"instock","12":"product-type-simple"},"acf":[],"aioseo_notices":[],"_links":{"self":[{"href":"https:\/\/gularo.com\/index.php?rest_route=\/wp\/v2\/product\/1187","targetHints":{"allow":["GET"]}}],"collection":[{"href":"https:\/\/gularo.com\/index.php?rest_route=\/wp\/v2\/product"}],"about":[{"href":"https:\/\/gularo.com\/index.php?rest_route=\/wp\/v2\/types\/product"}],"replies":[{"embeddable":true,"href":"https:\/\/gularo.com\/index.php?rest_route=%2Fwp%2Fv2%2Fcomments&post=1187"}],"wp:featuredmedia":[{"embeddable":true,"href":"https:\/\/gularo.com\/index.php?rest_route=\/wp\/v2\/media\/2284"}],"wp:attachment":[{"href":"https:\/\/gularo.com\/index.php?rest_route=%2Fwp%2Fv2%2Fmedia&parent=1187"}],"wp:term":[{"taxonomy":"product_brand","embeddable":true,"href":"https:\/\/gularo.com\/index.php?rest_route=%2Fwp%2Fv2%2Fproduct_brand&post=1187"},{"taxonomy":"product_cat","embeddable":true,"href":"https:\/\/gularo.com\/index.php?rest_route=%2Fwp%2Fv2%2Fproduct_cat&post=1187"},{"taxonomy":"product_tag","embeddable":true,"href":"https:\/\/gularo.com\/index.php?rest_route=%2Fwp%2Fv2%2Fproduct_tag&post=1187"}],"curies":[{"name":"wp","href":"https:\/\/api.w.org\/{rel}","templated":true}]}}