{"id":1191,"date":"2022-09-16T19:22:49","date_gmt":"2022-09-16T19:22:49","guid":{"rendered":"http:\/\/gularo.com\/product\/glossy-2\/"},"modified":"2023-06-23T18:22:04","modified_gmt":"2023-06-23T18:22:04","slug":"glossy-2","status":"publish","type":"product","link":"https:\/\/gularo.com\/?product=glossy-2","title":{"rendered":"Glossy 2"},"content":{"rendered":"<p><iframe title=\"YouTube video player\" src=\"https:\/\/www.youtube.com\/embed\/4hNVEu0MABc\" width=\"560\" height=\"515\" frameborder=\"0\" allowfullscreen=\"allowfullscreen\"><\/iframe><\/p>\n","protected":false},"excerpt":{"rendered":"<p>Te presentamos desde Stromberg a Glossy, un equipo de m\u00fasica port\u00e1til caracterizado por su potente Woofer de 6,5 pulgadas de di\u00e1metro. Forma parte de nuestra secci\u00f3n de parlantes port\u00e1tiles medianos compuesta por equipos que ofrecen grandes rendimientos con buenos precios y tama\u00f1os ideales.<\/p>\n<p>Este modelo viene equipado con Bluetooth de \u00faltima generaci\u00f3n, para que puedas conectar tu dispositivo reproductor favorito sin interrupciones ni problemas. Trae control remoto y ofrece una potencia real de 20 watts RMS. El parlante Glossy tiene entrada auxiliar de 3.5 mil\u00edmetros y 6.5 mil\u00edmetros. Una bater\u00eda interna de iones de litio de 1200mAh que le permite ofrecer horas de reproducci\u00f3n continua. Incluye, tambi\u00e9n, cable cargador, pero no su adaptador.<\/p>\n<p>Por \u00faltimo y no por eso menos importante, este parlante est\u00e1 equipado con un juego de luces audior\u00edtmicas para ambiente que lo convierten en el candidato ideal para fiestas en interiores y al aire libre. Por sus medidas de 34cm de alto, 20cm de profundidad y 20cm de ancho puede ser transportado sin mayores inconvenientes.<\/p>\n<p>Caracter\u00edsticas:<br \/>\nBluetooth<br \/>\n20W RMS<br \/>\nRadio FM<br \/>\nEntrada AUX 3.5 y 6.5mm<br \/>\nStromberg Connect<br \/>\nBater\u00eda interna de 1200mAh<br \/>\nIncluye cable cargador<br \/>\nNo incluye adaptador<br \/>\nMedidas:<\/p>\n<p>Alto: 34 cm<\/p>\n<p>Profundidad: 20 cm<\/p>\n<p>Ancho: 20 cm<\/p>\n","protected":false},"featured_media":2270,"comment_status":"closed","ping_status":"closed","template":"","meta":{"_acf_changed":false,"_monsterinsights_skip_tracking":false,"_monsterinsights_sitenote_active":false,"_monsterinsights_sitenote_note":"","_monsterinsights_sitenote_category":0},"product_brand":[],"product_cat":[24,25,15],"product_tag":[],"class_list":{"0":"post-1191","1":"product","2":"type-product","3":"status-publish","4":"has-post-thumbnail","6":"product_cat-parlantes","7":"product_cat-parlantes-portatiles","8":"product_cat-stromberg","10":"first","11":"instock","12":"product-type-simple"},"acf":[],"aioseo_notices":[],"_links":{"self":[{"href":"https:\/\/gularo.com\/index.php?rest_route=\/wp\/v2\/product\/1191","targetHints":{"allow":["GET"]}}],"collection":[{"href":"https:\/\/gularo.com\/index.php?rest_route=\/wp\/v2\/product"}],"about":[{"href":"https:\/\/gularo.com\/index.php?rest_route=\/wp\/v2\/types\/product"}],"replies":[{"embeddable":true,"href":"https:\/\/gularo.com\/index.php?rest_route=%2Fwp%2Fv2%2Fcomments&post=1191"}],"wp:featuredmedia":[{"embeddable":true,"href":"https:\/\/gularo.com\/index.php?rest_route=\/wp\/v2\/media\/2270"}],"wp:attachment":[{"href":"https:\/\/gularo.com\/index.php?rest_route=%2Fwp%2Fv2%2Fmedia&parent=1191"}],"wp:term":[{"taxonomy":"product_brand","embeddable":true,"href":"https:\/\/gularo.com\/index.php?rest_route=%2Fwp%2Fv2%2Fproduct_brand&post=1191"},{"taxonomy":"product_cat","embeddable":true,"href":"https:\/\/gularo.com\/index.php?rest_route=%2Fwp%2Fv2%2Fproduct_cat&post=1191"},{"taxonomy":"product_tag","embeddable":true,"href":"https:\/\/gularo.com\/index.php?rest_route=%2Fwp%2Fv2%2Fproduct_tag&post=1191"}],"curies":[{"name":"wp","href":"https:\/\/api.w.org\/{rel}","templated":true}]}}