{"id":1193,"date":"2022-09-16T19:22:49","date_gmt":"2022-09-16T19:22:49","guid":{"rendered":"http:\/\/gularo.com\/product\/heat\/"},"modified":"2023-07-04T18:33:57","modified_gmt":"2023-07-04T18:33:57","slug":"heat","status":"publish","type":"product","link":"https:\/\/gularo.com\/?product=heat","title":{"rendered":"Heat"},"content":{"rendered":"","protected":false},"excerpt":{"rendered":"<p>Una fiesta a puro color. Este Parlante Port\u00e1til Mediano permite elegir entre distintos juegos de luces LED RGB para ofrecer un espect\u00e1culo sonoro y visual incre\u00edble. Forma parte de la l\u00ednea de productos Stromberg parlantes port\u00e1tiles medianos.<\/p>\n<p>Cuenta con control de bajos y agudos, funci\u00f3n karaoke con efectos de voz para que escuches de la manera que m\u00e1s te gusta. Tiene entrada para micr\u00f3fono, control de eco y entrada auxiliar.<\/p>\n<p>\u00bfUn altavoz no es suficiente? Como la mayor\u00eda de parlantes port\u00e1tiles de Stromberg cuenta con TWS Intermodelo para reproducir m\u00fasica en est\u00e9reo de forma muy sencilla y eficiente.<\/p>\n<p>El Parlante Port\u00e1til Mediano Heat tiene un parlante con un di\u00e1metro de 2\u00d76.5 pulgadas y una potencia real de 50w RMS. Su tama\u00f1o es de 54cm de alto, 25cm de profundidad y 25.5cm de ancho. Adem\u00e1s cuenta con equalizador anal\u00f3gico, una bater\u00eda interna de 2400mAh, cable cargador y adaptador.<\/p>\n<p>Caracter\u00edsticas:<br \/>\n50w RMS potencia real<br \/>\nDi\u00e1metro parlante 2\u00d76,5\u2033<br \/>\nBater\u00eda interna (2400mah)<br \/>\nEntrada auxiliar<br \/>\nEntrada para micr\u00f3fono<br \/>\nControl del eco del micr\u00f3fono<br \/>\nFunci\u00f3n karaoke<br \/>\nEcualizador anal\u00f3gico<br \/>\nTWS<br \/>\nLuces LED<br \/>\nIncluye adaptador y cargador<br \/>\nMedidas:<\/p>\n<p>Alto: 57 cm<\/p>\n<p>Profundidad: 21 cm<\/p>\n<p>Ancho: 25,5 cm<\/p>\n","protected":false},"featured_media":2262,"comment_status":"closed","ping_status":"closed","template":"","meta":{"_acf_changed":false,"_monsterinsights_skip_tracking":false,"_monsterinsights_sitenote_active":false,"_monsterinsights_sitenote_note":"","_monsterinsights_sitenote_category":0},"product_brand":[],"product_cat":[24,25,15],"product_tag":[],"class_list":{"0":"post-1193","1":"product","2":"type-product","3":"status-publish","4":"has-post-thumbnail","6":"product_cat-parlantes","7":"product_cat-parlantes-portatiles","8":"product_cat-stromberg","10":"first","11":"instock","12":"product-type-simple"},"acf":[],"aioseo_notices":[],"_links":{"self":[{"href":"https:\/\/gularo.com\/index.php?rest_route=\/wp\/v2\/product\/1193","targetHints":{"allow":["GET"]}}],"collection":[{"href":"https:\/\/gularo.com\/index.php?rest_route=\/wp\/v2\/product"}],"about":[{"href":"https:\/\/gularo.com\/index.php?rest_route=\/wp\/v2\/types\/product"}],"replies":[{"embeddable":true,"href":"https:\/\/gularo.com\/index.php?rest_route=%2Fwp%2Fv2%2Fcomments&post=1193"}],"wp:featuredmedia":[{"embeddable":true,"href":"https:\/\/gularo.com\/index.php?rest_route=\/wp\/v2\/media\/2262"}],"wp:attachment":[{"href":"https:\/\/gularo.com\/index.php?rest_route=%2Fwp%2Fv2%2Fmedia&parent=1193"}],"wp:term":[{"taxonomy":"product_brand","embeddable":true,"href":"https:\/\/gularo.com\/index.php?rest_route=%2Fwp%2Fv2%2Fproduct_brand&post=1193"},{"taxonomy":"product_cat","embeddable":true,"href":"https:\/\/gularo.com\/index.php?rest_route=%2Fwp%2Fv2%2Fproduct_cat&post=1193"},{"taxonomy":"product_tag","embeddable":true,"href":"https:\/\/gularo.com\/index.php?rest_route=%2Fwp%2Fv2%2Fproduct_tag&post=1193"}],"curies":[{"name":"wp","href":"https:\/\/api.w.org\/{rel}","templated":true}]}}