{"id":1195,"date":"2022-09-16T19:22:53","date_gmt":"2022-09-16T19:22:53","guid":{"rendered":"http:\/\/gularo.com\/product\/k500f\/"},"modified":"2022-11-15T13:36:03","modified_gmt":"2022-11-15T13:36:03","slug":"k500f","status":"publish","type":"product","link":"https:\/\/gularo.com\/?product=k500f","title":{"rendered":"K500F"},"content":{"rendered":"","protected":false},"excerpt":{"rendered":"<p>La nueva l\u00ednea de HP que incorporamos lleg\u00f3 para reinventar la vida digital y combinar lo mejor de los dos mundos: oficina y gaming, en un mismo producto.<br \/>\nEl teclado K500F es ideal para el gamer.<br \/>\nEste teclado ergon\u00f3mico, responsivo al tacto permite una experiencia amable gracias a sus teclas cil\u00edndricas. Trae un interruptor de membrana de alta calidad que protege el teclado de salpicaduras. Cuenta con un pie para ajustar el \u00e1ngulo y la altura del teclado para una posici\u00f3n m\u00e1s c\u00f3moda para tus mu\u00f1ecas. Su configuraci\u00f3n de teclas viene en idioma ingl\u00e9s.<br \/>\nAdem\u00e1s, su dise\u00f1o de avanzada permite regular las luces LED RGB que le dan un toque diferente al equipo resaltando su composici\u00f3n.<\/p>\n","protected":false},"featured_media":958,"comment_status":"closed","ping_status":"closed","template":"","meta":{"_acf_changed":false,"_monsterinsights_skip_tracking":false,"_monsterinsights_sitenote_active":false,"_monsterinsights_sitenote_note":"","_monsterinsights_sitenote_category":0},"product_brand":[],"product_cat":[26,40,43],"product_tag":[],"class_list":{"0":"post-1195","1":"product","2":"type-product","3":"status-publish","4":"has-post-thumbnail","6":"product_cat-hp","7":"product_cat-mouse-y-teclados","8":"product_cat-teclados","10":"first","11":"instock","12":"product-type-simple"},"acf":[],"aioseo_notices":[],"_links":{"self":[{"href":"https:\/\/gularo.com\/index.php?rest_route=\/wp\/v2\/product\/1195","targetHints":{"allow":["GET"]}}],"collection":[{"href":"https:\/\/gularo.com\/index.php?rest_route=\/wp\/v2\/product"}],"about":[{"href":"https:\/\/gularo.com\/index.php?rest_route=\/wp\/v2\/types\/product"}],"replies":[{"embeddable":true,"href":"https:\/\/gularo.com\/index.php?rest_route=%2Fwp%2Fv2%2Fcomments&post=1195"}],"wp:featuredmedia":[{"embeddable":true,"href":"https:\/\/gularo.com\/index.php?rest_route=\/wp\/v2\/media\/958"}],"wp:attachment":[{"href":"https:\/\/gularo.com\/index.php?rest_route=%2Fwp%2Fv2%2Fmedia&parent=1195"}],"wp:term":[{"taxonomy":"product_brand","embeddable":true,"href":"https:\/\/gularo.com\/index.php?rest_route=%2Fwp%2Fv2%2Fproduct_brand&post=1195"},{"taxonomy":"product_cat","embeddable":true,"href":"https:\/\/gularo.com\/index.php?rest_route=%2Fwp%2Fv2%2Fproduct_cat&post=1195"},{"taxonomy":"product_tag","embeddable":true,"href":"https:\/\/gularo.com\/index.php?rest_route=%2Fwp%2Fv2%2Fproduct_tag&post=1195"}],"curies":[{"name":"wp","href":"https:\/\/api.w.org\/{rel}","templated":true}]}}