{"id":1199,"date":"2022-09-16T19:22:53","date_gmt":"2022-09-16T19:22:53","guid":{"rendered":"http:\/\/gularo.com\/product\/m100\/"},"modified":"2022-10-20T17:30:49","modified_gmt":"2022-10-20T17:30:49","slug":"m100","status":"publish","type":"product","link":"https:\/\/gularo.com\/?product=m100","title":{"rendered":"M100"},"content":{"rendered":"<p>HP es una de las empresas m\u00e1s importantes del mundo en el rubro de la tecnolog\u00eda de la informaci\u00f3n.<br \/>\nConseguir\u00e1s un rendimiento excepcional y navegaci\u00f3n al instante adem\u00e1s de optimizar tu rendimiento. Podr\u00e1s recorrer sitios y documentos con sus botones y su suave scroll.<\/p>\n<p>Adaptado a tus movimientos<br \/>\nEl mouse de juego te ofrecer\u00e1 la posibilidad de marcar la diferencia y sacar ventajas en tus partidas. Su conectividad y sensor suave ayudar\u00e1 a que te desplaces r\u00e1pido por la pantalla.<\/p>\n<p>La funcionalidad al alcance de tu mano<br \/>\nEl sistema de detecci\u00f3n de movimiento \u00f3ptico te permitir\u00e1 mover el cursor de una manera m\u00e1s precisa y sensible que en los sistemas tradicionales.<\/p>\n<p>Rapidez y confiabilidad de los botones<br \/>\nCon sus 4 botones podr\u00e1s tener mayor control e independencia para ejecutar.<\/p>\n<p>Apto para f\u00e1cil traslado<br \/>\nNaveg\u00e1 r\u00e1pidamente por documentos y p\u00e1ginas web gracias su dise\u00f1o ultra delgado, ergon\u00f3mico, liviano y conveniente para llevar a donde quieras o viajar.<\/p>\n","protected":false},"excerpt":{"rendered":"<p>HP es una de las empresas m\u00e1s importantes del mundo en el rubro de la tecnolog\u00eda de la informaci\u00f3n.<br \/>\nConseguir\u00e1s un rendimiento excepcional y navegaci\u00f3n al instante adem\u00e1s de optimizar tu rendimiento. Podr\u00e1s recorrer sitios y documentos con sus botones y su suave scroll.<\/p>\n<p>Adaptado a tus movimientos<br \/>\nEl mouse de juego te ofrecer\u00e1 la posibilidad de marcar la diferencia y sacar ventajas en tus partidas. Su conectividad y sensor suave ayudar\u00e1 a que te desplaces r\u00e1pido por la pantalla.<\/p>\n<p>La funcionalidad al alcance de tu mano<br \/>\nEl sistema de detecci\u00f3n de movimiento \u00f3ptico te permitir\u00e1 mover el cursor de una manera m\u00e1s precisa y sensible que en los sistemas tradicionales.<\/p>\n<p>Rapidez y confiabilidad de los botones<br \/>\nCon sus 4 botones podr\u00e1s tener mayor control e independencia para ejecutar.<\/p>\n<p>Apto para f\u00e1cil traslado<br \/>\nNaveg\u00e1 r\u00e1pidamente por documentos y p\u00e1ginas web gracias su dise\u00f1o ultra delgado, ergon\u00f3mico, liviano y conveniente para llevar a donde quieras o viajar.<\/p>\n","protected":false},"featured_media":972,"comment_status":"closed","ping_status":"closed","template":"","meta":{"_acf_changed":false,"_monsterinsights_skip_tracking":false,"_monsterinsights_sitenote_active":false,"_monsterinsights_sitenote_note":"","_monsterinsights_sitenote_category":0},"product_brand":[],"product_cat":[26,41,40],"product_tag":[],"class_list":{"0":"post-1199","1":"product","2":"type-product","3":"status-publish","4":"has-post-thumbnail","6":"product_cat-hp","7":"product_cat-mouse","8":"product_cat-mouse-y-teclados","10":"first","11":"instock","12":"product-type-simple"},"acf":[],"aioseo_notices":[],"_links":{"self":[{"href":"https:\/\/gularo.com\/index.php?rest_route=\/wp\/v2\/product\/1199","targetHints":{"allow":["GET"]}}],"collection":[{"href":"https:\/\/gularo.com\/index.php?rest_route=\/wp\/v2\/product"}],"about":[{"href":"https:\/\/gularo.com\/index.php?rest_route=\/wp\/v2\/types\/product"}],"replies":[{"embeddable":true,"href":"https:\/\/gularo.com\/index.php?rest_route=%2Fwp%2Fv2%2Fcomments&post=1199"}],"wp:featuredmedia":[{"embeddable":true,"href":"https:\/\/gularo.com\/index.php?rest_route=\/wp\/v2\/media\/972"}],"wp:attachment":[{"href":"https:\/\/gularo.com\/index.php?rest_route=%2Fwp%2Fv2%2Fmedia&parent=1199"}],"wp:term":[{"taxonomy":"product_brand","embeddable":true,"href":"https:\/\/gularo.com\/index.php?rest_route=%2Fwp%2Fv2%2Fproduct_brand&post=1199"},{"taxonomy":"product_cat","embeddable":true,"href":"https:\/\/gularo.com\/index.php?rest_route=%2Fwp%2Fv2%2Fproduct_cat&post=1199"},{"taxonomy":"product_tag","embeddable":true,"href":"https:\/\/gularo.com\/index.php?rest_route=%2Fwp%2Fv2%2Fproduct_tag&post=1199"}],"curies":[{"name":"wp","href":"https:\/\/api.w.org\/{rel}","templated":true}]}}