{"id":1201,"date":"2022-09-16T19:22:53","date_gmt":"2022-09-16T19:22:53","guid":{"rendered":"http:\/\/gularo.com\/product\/m220\/"},"modified":"2022-10-20T13:28:14","modified_gmt":"2022-10-20T13:28:14","slug":"m220","status":"publish","type":"product","link":"https:\/\/gularo.com\/?product=m220","title":{"rendered":"M220"},"content":{"rendered":"<p>La nueva l\u00ednea de HP que incorporamos lleg\u00f3 para reinventar la vida digital y combinar lo mejor de los dos mundos: oficina y gaming, en un mismo producto.<br \/>\nEl mouse HP M220 est\u00e1 dise\u00f1ado para Gaming.<br \/>\nCombina un dise\u00f1o elegante y moderno con caracter\u00edsticas avanzadas que mejoran su productividad. Su motor \u00f3ptico interno permite mover el cursor de una manera m\u00e1s precisa y sensible que en los sistemas tradicionales y posee una aceleraci\u00f3n 20G.<br \/>\nTiene interruptor DPI de seis velocidades con los que vas a tener mayor control e independencia para ejecutar.<br \/>\nGracias a su dise\u00f1o ultra delgado, ergon\u00f3mico, y liviano es perfecto para una sensaci\u00f3n de comodidad excepcional.<br \/>\nAdem\u00e1s, cuenta con la garant\u00eda de durabilidad de HP que es de hasta 10 millones de clicks.<\/p>\n","protected":false},"excerpt":{"rendered":"<p>La nueva l\u00ednea de HP que incorporamos lleg\u00f3 para reinventar la vida digital y combinar lo mejor de los dos mundos: oficina y gaming, en un mismo producto.<br \/>\nEl mouse HP M220 est\u00e1 dise\u00f1ado para Gaming.<br \/>\nCombina un dise\u00f1o elegante y moderno con caracter\u00edsticas avanzadas que mejoran su productividad. Su motor \u00f3ptico interno permite mover el cursor de una manera m\u00e1s precisa y sensible que en los sistemas tradicionales y posee una aceleraci\u00f3n 20G.<br \/>\nTiene interruptor DPI de seis velocidades con los que vas a tener mayor control e independencia para ejecutar.<br \/>\nGracias a su dise\u00f1o ultra delgado, ergon\u00f3mico, y liviano es perfecto para una sensaci\u00f3n de comodidad excepcional.<br \/>\nAdem\u00e1s, cuenta con la garant\u00eda de durabilidad de HP que es de hasta 10 millones de clicks.<\/p>\n","protected":false},"featured_media":981,"comment_status":"closed","ping_status":"closed","template":"","meta":{"_acf_changed":false,"_monsterinsights_skip_tracking":false,"_monsterinsights_sitenote_active":false,"_monsterinsights_sitenote_note":"","_monsterinsights_sitenote_category":0},"product_brand":[],"product_cat":[26,41,40],"product_tag":[],"class_list":{"0":"post-1201","1":"product","2":"type-product","3":"status-publish","4":"has-post-thumbnail","6":"product_cat-hp","7":"product_cat-mouse","8":"product_cat-mouse-y-teclados","10":"first","11":"instock","12":"product-type-simple"},"acf":[],"aioseo_notices":[],"_links":{"self":[{"href":"https:\/\/gularo.com\/index.php?rest_route=\/wp\/v2\/product\/1201","targetHints":{"allow":["GET"]}}],"collection":[{"href":"https:\/\/gularo.com\/index.php?rest_route=\/wp\/v2\/product"}],"about":[{"href":"https:\/\/gularo.com\/index.php?rest_route=\/wp\/v2\/types\/product"}],"replies":[{"embeddable":true,"href":"https:\/\/gularo.com\/index.php?rest_route=%2Fwp%2Fv2%2Fcomments&post=1201"}],"wp:featuredmedia":[{"embeddable":true,"href":"https:\/\/gularo.com\/index.php?rest_route=\/wp\/v2\/media\/981"}],"wp:attachment":[{"href":"https:\/\/gularo.com\/index.php?rest_route=%2Fwp%2Fv2%2Fmedia&parent=1201"}],"wp:term":[{"taxonomy":"product_brand","embeddable":true,"href":"https:\/\/gularo.com\/index.php?rest_route=%2Fwp%2Fv2%2Fproduct_brand&post=1201"},{"taxonomy":"product_cat","embeddable":true,"href":"https:\/\/gularo.com\/index.php?rest_route=%2Fwp%2Fv2%2Fproduct_cat&post=1201"},{"taxonomy":"product_tag","embeddable":true,"href":"https:\/\/gularo.com\/index.php?rest_route=%2Fwp%2Fv2%2Fproduct_tag&post=1201"}],"curies":[{"name":"wp","href":"https:\/\/api.w.org\/{rel}","templated":true}]}}