{"id":1203,"date":"2022-09-16T19:22:53","date_gmt":"2022-09-16T19:22:53","guid":{"rendered":"http:\/\/gularo.com\/product\/punch\/"},"modified":"2023-06-23T18:12:00","modified_gmt":"2023-06-23T18:12:00","slug":"punch","status":"publish","type":"product","link":"https:\/\/gularo.com\/?product=punch","title":{"rendered":"Punch"},"content":{"rendered":"","protected":false},"excerpt":{"rendered":"<p>Una fiesta a todo volumen.<\/p>\n<p>El Punch da su toque distinto a la fiesta con el incre\u00edble juego de luces.<\/p>\n<p>Cuenta con control de bajos y agudos, funci\u00f3n karaoke con efectos de voz para que vos escuches de la manera que m\u00e1s te gusta.<\/p>\n<p>\u00bfQuer\u00e9s que se pique en serio?<\/p>\n<p>C\u00f3mo la mayor\u00eda del lineal Stromberg, cuenta con TWS Intermodelo para poder conectarlo con otro igual reproduciendo m\u00fasica en est\u00e9reo.<\/p>\n<p>Caracter\u00edsticas:<br \/>\n80w RMS potencia real<br \/>\nDi\u00e1metro parlante 2&#215;8&#8243;<br \/>\nBater\u00eda interna (3600 mah)<br \/>\nEntrada auxiliar<br \/>\nTWS<br \/>\nLuces LED<br \/>\nMedidas:<\/p>\n<p>Alto: 57 cm<\/p>\n<p>Profundidad: 26 cm<\/p>\n<p>Ancho: 28 cm<\/p>\n","protected":false},"featured_media":2232,"comment_status":"closed","ping_status":"closed","template":"","meta":{"_acf_changed":false,"_monsterinsights_skip_tracking":false,"_monsterinsights_sitenote_active":false,"_monsterinsights_sitenote_note":"","_monsterinsights_sitenote_category":0},"product_brand":[],"product_cat":[24,25,15],"product_tag":[],"class_list":{"0":"post-1203","1":"product","2":"type-product","3":"status-publish","4":"has-post-thumbnail","6":"product_cat-parlantes","7":"product_cat-parlantes-portatiles","8":"product_cat-stromberg","10":"first","11":"instock","12":"product-type-simple"},"acf":[],"aioseo_notices":[],"_links":{"self":[{"href":"https:\/\/gularo.com\/index.php?rest_route=\/wp\/v2\/product\/1203","targetHints":{"allow":["GET"]}}],"collection":[{"href":"https:\/\/gularo.com\/index.php?rest_route=\/wp\/v2\/product"}],"about":[{"href":"https:\/\/gularo.com\/index.php?rest_route=\/wp\/v2\/types\/product"}],"replies":[{"embeddable":true,"href":"https:\/\/gularo.com\/index.php?rest_route=%2Fwp%2Fv2%2Fcomments&post=1203"}],"wp:featuredmedia":[{"embeddable":true,"href":"https:\/\/gularo.com\/index.php?rest_route=\/wp\/v2\/media\/2232"}],"wp:attachment":[{"href":"https:\/\/gularo.com\/index.php?rest_route=%2Fwp%2Fv2%2Fmedia&parent=1203"}],"wp:term":[{"taxonomy":"product_brand","embeddable":true,"href":"https:\/\/gularo.com\/index.php?rest_route=%2Fwp%2Fv2%2Fproduct_brand&post=1203"},{"taxonomy":"product_cat","embeddable":true,"href":"https:\/\/gularo.com\/index.php?rest_route=%2Fwp%2Fv2%2Fproduct_cat&post=1203"},{"taxonomy":"product_tag","embeddable":true,"href":"https:\/\/gularo.com\/index.php?rest_route=%2Fwp%2Fv2%2Fproduct_tag&post=1203"}],"curies":[{"name":"wp","href":"https:\/\/api.w.org\/{rel}","templated":true}]}}