{"id":1204,"date":"2022-09-16T19:22:53","date_gmt":"2022-09-16T19:22:53","guid":{"rendered":"http:\/\/gularo.com\/product\/ra-2010\/"},"modified":"2022-10-19T16:45:26","modified_gmt":"2022-10-19T16:45:26","slug":"ra-2010","status":"publish","type":"product","link":"https:\/\/gularo.com\/?product=ra-2010","title":{"rendered":"RA-2010"},"content":{"rendered":"","protected":false},"excerpt":{"rendered":"<p>Somos Stromberg, una marca norteamericana con m\u00e1s de 120 a\u00f1os de existencia. Somos la m\u00fasica que es parte de tu vida y el dise\u00f1o de vanguardia que estabas esperando. En esta oportunidad, te queremos presentar la radio port\u00e1til digital Stromberg RA-2010. Parte de una nueva categor\u00eda de productos de alta calidad respaldados por nuestras d\u00e9cadas de experiencia en el desarrollo de tecnolog\u00eda para el servicio de la m\u00fasica.<\/p>\n<p>La Stromberg RA-2010 tiene todo lo que necesitas: sintonizador AM\/FM de excelente precisi\u00f3n, antena telesc\u00f3pica, reloj, alarma, control de volumen y salida para auriculares. Con su sintonizador de alta frecuencia AM\/FM podr\u00e1s conectarte a todas las se\u00f1ales que se encuentren por tu zona sin interferencias ni interrupciones gracias a su precisi\u00f3n y antena telesc\u00f3pica.<\/p>\n<p>Su display digital viene equipado con reloj, reloj alarma configurable, control total del volumen y salida para auriculares. Adem\u00e1s, cuenta con una caracter\u00edstica infaltable: conexi\u00f3n dual 220v y a pilas AAA. De esta manera, podr\u00e1s llevarla contigo a donde sea que vayas sin preocuparte por una conexi\u00f3n el\u00e9ctrica ni por su tama\u00f1o.<\/p>\n<p>Caracter\u00edsticas:<br \/>\nRadio dual 220V \/ Pilas AAA<br \/>\nRadio AM\/FM est\u00e9reo<br \/>\nSalida de auriculares<br \/>\nAntena telesc\u00f3pica<br \/>\nMedidas:<\/p>\n<p>Alto: 11,5 cm<\/p>\n<p>Profundidad: 6,5 cm<\/p>\n<p>Ancho: 20 cm<\/p>\n","protected":false},"featured_media":993,"comment_status":"closed","ping_status":"closed","template":"","meta":{"_acf_changed":false,"_monsterinsights_skip_tracking":false,"_monsterinsights_sitenote_active":false,"_monsterinsights_sitenote_note":"","_monsterinsights_sitenote_category":0},"product_brand":[],"product_cat":[45,15],"product_tag":[],"class_list":{"0":"post-1204","1":"product","2":"type-product","3":"status-publish","4":"has-post-thumbnail","6":"product_cat-radios","7":"product_cat-stromberg","9":"first","10":"instock","11":"product-type-simple"},"acf":[],"aioseo_notices":[],"_links":{"self":[{"href":"https:\/\/gularo.com\/index.php?rest_route=\/wp\/v2\/product\/1204","targetHints":{"allow":["GET"]}}],"collection":[{"href":"https:\/\/gularo.com\/index.php?rest_route=\/wp\/v2\/product"}],"about":[{"href":"https:\/\/gularo.com\/index.php?rest_route=\/wp\/v2\/types\/product"}],"replies":[{"embeddable":true,"href":"https:\/\/gularo.com\/index.php?rest_route=%2Fwp%2Fv2%2Fcomments&post=1204"}],"wp:featuredmedia":[{"embeddable":true,"href":"https:\/\/gularo.com\/index.php?rest_route=\/wp\/v2\/media\/993"}],"wp:attachment":[{"href":"https:\/\/gularo.com\/index.php?rest_route=%2Fwp%2Fv2%2Fmedia&parent=1204"}],"wp:term":[{"taxonomy":"product_brand","embeddable":true,"href":"https:\/\/gularo.com\/index.php?rest_route=%2Fwp%2Fv2%2Fproduct_brand&post=1204"},{"taxonomy":"product_cat","embeddable":true,"href":"https:\/\/gularo.com\/index.php?rest_route=%2Fwp%2Fv2%2Fproduct_cat&post=1204"},{"taxonomy":"product_tag","embeddable":true,"href":"https:\/\/gularo.com\/index.php?rest_route=%2Fwp%2Fv2%2Fproduct_tag&post=1204"}],"curies":[{"name":"wp","href":"https:\/\/api.w.org\/{rel}","templated":true}]}}