{"id":1206,"date":"2022-09-16T19:22:53","date_gmt":"2022-09-16T19:22:53","guid":{"rendered":"http:\/\/gularo.com\/product\/rad\/"},"modified":"2023-06-23T18:03:29","modified_gmt":"2023-06-23T18:03:29","slug":"rad","status":"publish","type":"product","link":"https:\/\/gularo.com\/?product=rad","title":{"rendered":"Rad"},"content":{"rendered":"<p><iframe title=\"YouTube video player\" src=\"https:\/\/www.youtube.com\/embed\/2I1uUllTEJM\" width=\"560\" height=\"515\" frameborder=\"0\" allowfullscreen=\"allowfullscreen\"><\/iframe><\/p>\n","protected":false},"excerpt":{"rendered":"<p>Un Parlante Port\u00e1til de alta potencia para armar la fiesta a puro volumen y color. En d\u00f3nde pinte. Con sus 100W de potencia REAL, el Rad te tiene cubierto para cualquier ocasi\u00f3n. Forma parte de la l\u00ednea de productos Stromberg\u00a0parlantes port\u00e1tiles grandes.<\/p>\n<p>De noche, encend\u00e9 las luces multiLED para ofrecer un espect\u00e1culo sonoro y visual incre\u00edble. Cuenta con control de bajos y agudos, funci\u00f3n karaoke con efectos de voz para que vos escuches de la manera que m\u00e1s te gusta. \u00bfQuer\u00e9s que se pique en serio? C\u00f3mo la mayor\u00eda del lineal Stromberg, cuenta con TWS Intermodelo para poder conectarlo con otro igual o modelo Stoke y Glow reproduciendo m\u00fasica en est\u00e9reo de manera muy sencilla e inal\u00e1mbrica. Como vimos, ofrece 100w RMS de potencia real que se divide en dos parlantes con 10 pulgadas de di\u00e1metro. El parlante est\u00e1 equipado con una bater\u00eda interna de 3600mAh para que puedas disfrutar tu m\u00fasica sin preocuparte por cargarlo. Adem\u00e1s incluye tanto el cable cargador como su adaptador.<\/p>\n<p>Caracter\u00edsticas:<br \/>\n100w RMS potencia real<br \/>\nDi\u00e1metro parlante 2&#215;10&#8243;<br \/>\nBater\u00eda interna (3600Mah)<br \/>\nEntrada auxiliar<br \/>\nControl del eco del micr\u00f3fono<br \/>\nFunci\u00f3n karaoke<br \/>\nEcualizador anal\u00f3gico<br \/>\nLuces LED<br \/>\nIncluye micr\u00f3fono<br \/>\nIncluye adaptador y cargador<br \/>\nMedidas:<\/p>\n<p>Alto: 72 cm<\/p>\n<p>Profundidad: 30 cm<\/p>\n<p>Ancho: 34 cm<\/p>\n","protected":false},"featured_media":2213,"comment_status":"closed","ping_status":"closed","template":"","meta":{"_acf_changed":false,"_monsterinsights_skip_tracking":false,"_monsterinsights_sitenote_active":false,"_monsterinsights_sitenote_note":"","_monsterinsights_sitenote_category":0},"product_brand":[],"product_cat":[24,25,15],"product_tag":[],"class_list":{"0":"post-1206","1":"product","2":"type-product","3":"status-publish","4":"has-post-thumbnail","6":"product_cat-parlantes","7":"product_cat-parlantes-portatiles","8":"product_cat-stromberg","10":"first","11":"instock","12":"product-type-simple"},"acf":[],"aioseo_notices":[],"_links":{"self":[{"href":"https:\/\/gularo.com\/index.php?rest_route=\/wp\/v2\/product\/1206","targetHints":{"allow":["GET"]}}],"collection":[{"href":"https:\/\/gularo.com\/index.php?rest_route=\/wp\/v2\/product"}],"about":[{"href":"https:\/\/gularo.com\/index.php?rest_route=\/wp\/v2\/types\/product"}],"replies":[{"embeddable":true,"href":"https:\/\/gularo.com\/index.php?rest_route=%2Fwp%2Fv2%2Fcomments&post=1206"}],"wp:featuredmedia":[{"embeddable":true,"href":"https:\/\/gularo.com\/index.php?rest_route=\/wp\/v2\/media\/2213"}],"wp:attachment":[{"href":"https:\/\/gularo.com\/index.php?rest_route=%2Fwp%2Fv2%2Fmedia&parent=1206"}],"wp:term":[{"taxonomy":"product_brand","embeddable":true,"href":"https:\/\/gularo.com\/index.php?rest_route=%2Fwp%2Fv2%2Fproduct_brand&post=1206"},{"taxonomy":"product_cat","embeddable":true,"href":"https:\/\/gularo.com\/index.php?rest_route=%2Fwp%2Fv2%2Fproduct_cat&post=1206"},{"taxonomy":"product_tag","embeddable":true,"href":"https:\/\/gularo.com\/index.php?rest_route=%2Fwp%2Fv2%2Fproduct_tag&post=1206"}],"curies":[{"name":"wp","href":"https:\/\/api.w.org\/{rel}","templated":true}]}}