{"id":1207,"date":"2022-09-16T19:22:53","date_gmt":"2022-09-16T19:22:53","guid":{"rendered":"http:\/\/gularo.com\/product\/rd-7818\/"},"modified":"2022-11-14T18:55:54","modified_gmt":"2022-11-14T18:55:54","slug":"rd-7818","status":"publish","type":"product","link":"https:\/\/gularo.com\/?product=rd-7818","title":{"rendered":"RD-7818"},"content":{"rendered":"","protected":false},"excerpt":{"rendered":"<p>Somos Stromberg, una marca norteamericana con m\u00e1s de 120 a\u00f1os de existencia. Somos la m\u00fasica que es parte de tu vida y el dise\u00f1o de vanguardia que estabas esperando. En esta oportunidad, te queremos presentar la\u00a0radio port\u00e1til Stromberg RD-7818. Parte de una nueva categor\u00eda de productos de alta calidad respaldados por nuestras d\u00e9cadas de experiencia en el desarrollo de tecnolog\u00eda para el servicio de la m\u00fasica.<\/p>\n<p>Moderna pero amigable, la nueva radio digital RD-7818 cuenta con un parlante din\u00e1mico de gran potencia para que puedas escuchar tus programas de radio favoritos. Un display digital que incluye la funci\u00f3n de reloj y la funci\u00f3n de alarma.<\/p>\n<p>Esta radio sintoniza estaciones AM como FM en modalidad est\u00e9reo gracias a su antena telesc\u00f3pica y, adem\u00e1s, tiene salida de auriculares. Adem\u00e1s, cuenta con una caracter\u00edstica indispensable: conexi\u00f3n dual 220v y a pilas AAA. Sus medidas de 14cm de alto, 7,5 cm de profundidad y 23cm de ancho permiten que sea transportable y adaptable. De esta manera, podr\u00e1s llevarla contigo a donde sea que vayas sin preocuparte por una conexi\u00f3n el\u00e9ctrica ni por su tama\u00f1o.<\/p>\n<p>Caracter\u00edsticas:<br \/>\nRadio dual 220V \/ Pilas AAA<br \/>\nRadio AM\/FM est\u00e9reo<br \/>\nSalida de auriculares<br \/>\nAntena telesc\u00f3pica<br \/>\nDisplay digital<br \/>\nFunci\u00f3n reloj<br \/>\nFunci\u00f3n alarma<br \/>\nMedidas:<\/p>\n<p>Alto: 14 cm<\/p>\n<p>Profundidad: 7,5 cm<\/p>\n<p>Ancho: 23 cm<\/p>\n","protected":false},"featured_media":1011,"comment_status":"closed","ping_status":"closed","template":"","meta":{"_acf_changed":false,"_monsterinsights_skip_tracking":false,"_monsterinsights_sitenote_active":false,"_monsterinsights_sitenote_note":"","_monsterinsights_sitenote_category":0},"product_brand":[],"product_cat":[45,15],"product_tag":[],"class_list":{"0":"post-1207","1":"product","2":"type-product","3":"status-publish","4":"has-post-thumbnail","6":"product_cat-radios","7":"product_cat-stromberg","9":"first","10":"instock","11":"product-type-simple"},"acf":[],"aioseo_notices":[],"_links":{"self":[{"href":"https:\/\/gularo.com\/index.php?rest_route=\/wp\/v2\/product\/1207","targetHints":{"allow":["GET"]}}],"collection":[{"href":"https:\/\/gularo.com\/index.php?rest_route=\/wp\/v2\/product"}],"about":[{"href":"https:\/\/gularo.com\/index.php?rest_route=\/wp\/v2\/types\/product"}],"replies":[{"embeddable":true,"href":"https:\/\/gularo.com\/index.php?rest_route=%2Fwp%2Fv2%2Fcomments&post=1207"}],"wp:featuredmedia":[{"embeddable":true,"href":"https:\/\/gularo.com\/index.php?rest_route=\/wp\/v2\/media\/1011"}],"wp:attachment":[{"href":"https:\/\/gularo.com\/index.php?rest_route=%2Fwp%2Fv2%2Fmedia&parent=1207"}],"wp:term":[{"taxonomy":"product_brand","embeddable":true,"href":"https:\/\/gularo.com\/index.php?rest_route=%2Fwp%2Fv2%2Fproduct_brand&post=1207"},{"taxonomy":"product_cat","embeddable":true,"href":"https:\/\/gularo.com\/index.php?rest_route=%2Fwp%2Fv2%2Fproduct_cat&post=1207"},{"taxonomy":"product_tag","embeddable":true,"href":"https:\/\/gularo.com\/index.php?rest_route=%2Fwp%2Fv2%2Fproduct_tag&post=1207"}],"curies":[{"name":"wp","href":"https:\/\/api.w.org\/{rel}","templated":true}]}}