{"id":1208,"date":"2022-09-16T19:22:53","date_gmt":"2022-09-16T19:22:53","guid":{"rendered":"http:\/\/gularo.com\/product\/riot-2\/"},"modified":"2023-06-23T18:05:29","modified_gmt":"2023-06-23T18:05:29","slug":"riot-2","status":"publish","type":"product","link":"https:\/\/gularo.com\/?product=riot-2","title":{"rendered":"Riot 2"},"content":{"rendered":"<p><img decoding=\"async\" class=\"alignnone size-full wp-image-1674\" src=\"https:\/\/gularo.com\/wp-content\/uploads\/2022\/09\/Riot-2_Web-1-2.png\" alt=\"\" width=\"100%\" srcset=\"https:\/\/gularo.com\/wp-content\/uploads\/2022\/09\/Riot-2_Web-1-2.png 1165w, https:\/\/gularo.com\/wp-content\/uploads\/2022\/09\/Riot-2_Web-1-2-300x163.png 300w, https:\/\/gularo.com\/wp-content\/uploads\/2022\/09\/Riot-2_Web-1-2-1024x556.png 1024w, https:\/\/gularo.com\/wp-content\/uploads\/2022\/09\/Riot-2_Web-1-2-768x417.png 768w, https:\/\/gularo.com\/wp-content\/uploads\/2022\/09\/Riot-2_Web-1-2-600x326.png 600w\" sizes=\"(max-width: 1165px) 100vw, 1165px\" \/><\/p>\n<p><img decoding=\"async\" class=\"alignnone size-full wp-image-1678\" src=\"https:\/\/gularo.com\/wp-content\/uploads\/2022\/09\/Riot-2_Web-5-2.png\" alt=\"\" width=\"100%\" srcset=\"https:\/\/gularo.com\/wp-content\/uploads\/2022\/09\/Riot-2_Web-5-2.png 1165w, https:\/\/gularo.com\/wp-content\/uploads\/2022\/09\/Riot-2_Web-5-2-300x131.png 300w, https:\/\/gularo.com\/wp-content\/uploads\/2022\/09\/Riot-2_Web-5-2-1024x447.png 1024w, https:\/\/gularo.com\/wp-content\/uploads\/2022\/09\/Riot-2_Web-5-2-768x336.png 768w, https:\/\/gularo.com\/wp-content\/uploads\/2022\/09\/Riot-2_Web-5-2-600x262.png 600w\" sizes=\"(max-width: 1165px) 100vw, 1165px\" \/><\/p>\n<p><iframe title=\"YouTube video player\" src=\"https:\/\/www.youtube.com\/embed\/eEVdq4RpX7s\" width=\"560\" height=\"515\" frameborder=\"0\" allowfullscreen=\"allowfullscreen\"><\/iframe><\/p>\n<p><img decoding=\"async\" class=\"alignnone size-full wp-image-1676\" src=\"https:\/\/gularo.com\/wp-content\/uploads\/2022\/09\/Riot-2_Web-3-2.png\" alt=\"\" width=\"100%\" srcset=\"https:\/\/gularo.com\/wp-content\/uploads\/2022\/09\/Riot-2_Web-3-2.png 1165w, https:\/\/gularo.com\/wp-content\/uploads\/2022\/09\/Riot-2_Web-3-2-300x194.png 300w, https:\/\/gularo.com\/wp-content\/uploads\/2022\/09\/Riot-2_Web-3-2-1024x662.png 1024w, https:\/\/gularo.com\/wp-content\/uploads\/2022\/09\/Riot-2_Web-3-2-768x496.png 768w, https:\/\/gularo.com\/wp-content\/uploads\/2022\/09\/Riot-2_Web-3-2-600x388.png 600w\" sizes=\"(max-width: 1165px) 100vw, 1165px\" \/><\/p>\n<p><img decoding=\"async\" class=\"alignnone size-full wp-image-1675\" src=\"https:\/\/gularo.com\/wp-content\/uploads\/2022\/09\/Riot-2_Web-2-2.png\" alt=\"\" width=\"100%\" srcset=\"https:\/\/gularo.com\/wp-content\/uploads\/2022\/09\/Riot-2_Web-2-2.png 1165w, https:\/\/gularo.com\/wp-content\/uploads\/2022\/09\/Riot-2_Web-2-2-300x122.png 300w, https:\/\/gularo.com\/wp-content\/uploads\/2022\/09\/Riot-2_Web-2-2-1024x416.png 1024w, https:\/\/gularo.com\/wp-content\/uploads\/2022\/09\/Riot-2_Web-2-2-768x312.png 768w, https:\/\/gularo.com\/wp-content\/uploads\/2022\/09\/Riot-2_Web-2-2-600x244.png 600w\" sizes=\"(max-width: 1165px) 100vw, 1165px\" \/><\/p>\n","protected":false},"excerpt":{"rendered":"<p>El modelo Stromberg Parlante Grande Port\u00e1til Riot 2 marca una revoluci\u00f3n de sonido y portabilidad. Forma parte de la l\u00ednea de productos Stromberg parlantes port\u00e1tiles grandes. Sus dimensiones son de 65cm de alto, 34cm de profundidad y 46cm de ancho.<\/p>\n<p>Est\u00e1 equipado con un parlante de 15 pulgadas de di\u00e1metro y un tweeter con 3 pulgadas de di\u00e1metro. Fueron fabricados con los mejores materiales disponibles y, por esa raz\u00f3n, ofrecen 100w RMS de potencia real para que puedas disfrutar tu m\u00fasica con todos tus amigos. El equipo tiene control de bajos, agudos y ecualizador, control remoto, entrada auxiliar, entrada para micr\u00f3fono y controles independientes, display y cargador.<\/p>\n<p>Adem\u00e1s, cuenta con la revolucionaria tecnolog\u00eda bluetooth Stromberg Connect que permite la conexi\u00f3n en paralelo con otros parlantes del mismo modelo o con el Stromberg Clash para crear un efecto envolvente est\u00e9reo. Bajo este formato, se pueden conectar distintos parlantes para que reproduzcan, a la vez, cualquier tipo de audio.<\/p>\n<p><strong>Caracter\u00edsticas:<\/strong><\/p>\n<p>Funciona Conectado a 12v<\/p>\n<p>Bluetooth TWS Bater\u00eda interna 3000mAh<br \/>\n100w RMS potencia real<br \/>\nControl de bajos y agudos<br \/>\nControl remoto<br \/>\nDi\u00e1metro parlante 1&#215;15&#8243;<br \/>\nDi\u00e1metro tweeter 1&#215;3&#8243;<br \/>\nEntrada auxiliar<br \/>\nEntrada para micr\u00f3fono<br \/>\nControl del eco del micr\u00f3fono<br \/>\nControl de volumen de micr\u00f3fono independiente<br \/>\nEcualizador digital<br \/>\nDisplay<br \/>\nIncluye cargador<\/p>\n<p><strong>Medidas:<\/strong><br \/>\nAlto: 65 cm<br \/>\nProfundidad: 34 cm<br \/>\nAncho: 46 cm<\/p>\n","protected":false},"featured_media":2222,"comment_status":"closed","ping_status":"closed","template":"","meta":{"_acf_changed":false,"_monsterinsights_skip_tracking":false,"_monsterinsights_sitenote_active":false,"_monsterinsights_sitenote_note":"","_monsterinsights_sitenote_category":0},"product_brand":[],"product_cat":[24,25,15],"product_tag":[],"class_list":{"0":"post-1208","1":"product","2":"type-product","3":"status-publish","4":"has-post-thumbnail","6":"product_cat-parlantes","7":"product_cat-parlantes-portatiles","8":"product_cat-stromberg","10":"first","11":"instock","12":"product-type-simple"},"acf":[],"aioseo_notices":[],"_links":{"self":[{"href":"https:\/\/gularo.com\/index.php?rest_route=\/wp\/v2\/product\/1208","targetHints":{"allow":["GET"]}}],"collection":[{"href":"https:\/\/gularo.com\/index.php?rest_route=\/wp\/v2\/product"}],"about":[{"href":"https:\/\/gularo.com\/index.php?rest_route=\/wp\/v2\/types\/product"}],"replies":[{"embeddable":true,"href":"https:\/\/gularo.com\/index.php?rest_route=%2Fwp%2Fv2%2Fcomments&post=1208"}],"wp:featuredmedia":[{"embeddable":true,"href":"https:\/\/gularo.com\/index.php?rest_route=\/wp\/v2\/media\/2222"}],"wp:attachment":[{"href":"https:\/\/gularo.com\/index.php?rest_route=%2Fwp%2Fv2%2Fmedia&parent=1208"}],"wp:term":[{"taxonomy":"product_brand","embeddable":true,"href":"https:\/\/gularo.com\/index.php?rest_route=%2Fwp%2Fv2%2Fproduct_brand&post=1208"},{"taxonomy":"product_cat","embeddable":true,"href":"https:\/\/gularo.com\/index.php?rest_route=%2Fwp%2Fv2%2Fproduct_cat&post=1208"},{"taxonomy":"product_tag","embeddable":true,"href":"https:\/\/gularo.com\/index.php?rest_route=%2Fwp%2Fv2%2Fproduct_tag&post=1208"}],"curies":[{"name":"wp","href":"https:\/\/api.w.org\/{rel}","templated":true}]}}