{"id":1209,"date":"2022-09-16T19:22:53","date_gmt":"2022-09-16T19:22:53","guid":{"rendered":"http:\/\/gularo.com\/product\/sc-6003\/"},"modified":"2022-10-19T16:11:54","modified_gmt":"2022-10-19T16:11:54","slug":"sc-6003","status":"publish","type":"product","link":"https:\/\/gularo.com\/?product=sc-6003","title":{"rendered":"SC-6003"},"content":{"rendered":"","protected":false},"excerpt":{"rendered":"<p>Autoest\u00e9reo Stromberg. \u00a0Todas las maneras de reproducir m\u00fasica, en tu autoest\u00e9reo a una calidad alta. Si est\u00e1s buscando precios de autoest\u00e9reos, no es necesario que busques m\u00e1s. Dentro de nuestra tienda tenemos una variedad de modelos para que puedas elegir el que mejor se adapta a lo que necesitas.<\/p>\n<p>Todos son vers\u00e1tiles y cumplen con los requisitos para reproducir todo tipo de g\u00e9neros musicales. El modelo SC-6003 ofrece una potencia de 4&#215;25 watts RMS. Si los combinas con un juego de parlantes Strombergs, tendr\u00e1s una combinaci\u00f3n ganadora en tu autom\u00f3vil.<\/p>\n<p>El autoest\u00e9reo Stromberg tiene Bluetooth, frente desmontable, entrada USB, entrada microSD y entrada auxiliar. Gracias a esto, podr\u00e1s escuchar conectar distintos tipos de dispositivos sin importar la entrada o salida de datos con la que trabajen. Soporta los formatos MP3, MP4 y WMA. Tiene un display LED donde podr\u00e1s hacer las configuraciones necesarias. De todas maneras, viene con una serie de ecualizaciones de f\u00e1brica para que puedas experimentar las mejores combinaciones. Adem\u00e1s cuenta con entrada universal 2RCA est\u00e9reo.<\/p>\n<p>Caracter\u00edsticas:<br \/>\nBluetooth<br \/>\nFrente desmontable<br \/>\nRadio FM\/AM<br \/>\nEntrada USB<br \/>\nLectura de microSD<br \/>\nEntrada auxiliar<br \/>\nPotencia 4x25W RMS<br \/>\nFormatos soportados: MP3, MP4 y WMA<br \/>\nDisplay<br \/>\nEcualizaciones prefijadas<br \/>\nEntrada Universal &#8211; 2 RCA &#8211; Est\u00e9reo<br \/>\nMedidas:<\/p>\n<p>Alto: 16 cm<\/p>\n<p>Profundidad: 8 cm<\/p>\n<p>Ancho: 21,5 cm<\/p>\n","protected":false},"featured_media":1025,"comment_status":"closed","ping_status":"closed","template":"","meta":{"_acf_changed":false,"_monsterinsights_skip_tracking":false,"_monsterinsights_sitenote_active":false,"_monsterinsights_sitenote_note":"","_monsterinsights_sitenote_category":0},"product_brand":[],"product_cat":[46,15],"product_tag":[],"class_list":{"0":"post-1209","1":"product","2":"type-product","3":"status-publish","4":"has-post-thumbnail","6":"product_cat-autoestereos","7":"product_cat-stromberg","9":"first","10":"instock","11":"product-type-simple"},"acf":[],"aioseo_notices":[],"_links":{"self":[{"href":"https:\/\/gularo.com\/index.php?rest_route=\/wp\/v2\/product\/1209","targetHints":{"allow":["GET"]}}],"collection":[{"href":"https:\/\/gularo.com\/index.php?rest_route=\/wp\/v2\/product"}],"about":[{"href":"https:\/\/gularo.com\/index.php?rest_route=\/wp\/v2\/types\/product"}],"replies":[{"embeddable":true,"href":"https:\/\/gularo.com\/index.php?rest_route=%2Fwp%2Fv2%2Fcomments&post=1209"}],"wp:featuredmedia":[{"embeddable":true,"href":"https:\/\/gularo.com\/index.php?rest_route=\/wp\/v2\/media\/1025"}],"wp:attachment":[{"href":"https:\/\/gularo.com\/index.php?rest_route=%2Fwp%2Fv2%2Fmedia&parent=1209"}],"wp:term":[{"taxonomy":"product_brand","embeddable":true,"href":"https:\/\/gularo.com\/index.php?rest_route=%2Fwp%2Fv2%2Fproduct_brand&post=1209"},{"taxonomy":"product_cat","embeddable":true,"href":"https:\/\/gularo.com\/index.php?rest_route=%2Fwp%2Fv2%2Fproduct_cat&post=1209"},{"taxonomy":"product_tag","embeddable":true,"href":"https:\/\/gularo.com\/index.php?rest_route=%2Fwp%2Fv2%2Fproduct_tag&post=1209"}],"curies":[{"name":"wp","href":"https:\/\/api.w.org\/{rel}","templated":true}]}}