{"id":1210,"date":"2022-09-16T19:22:53","date_gmt":"2022-09-16T19:22:53","guid":{"rendered":"http:\/\/gularo.com\/product\/sc-7001\/"},"modified":"2022-10-19T16:08:05","modified_gmt":"2022-10-19T16:08:05","slug":"sc-7001","status":"publish","type":"product","link":"https:\/\/gularo.com\/?product=sc-7001","title":{"rendered":"SC-7001"},"content":{"rendered":"","protected":false},"excerpt":{"rendered":"<p>Est\u00e9reo para auto parlantes Stromberg. El combo perfecto para tu auto. Todas las maneras de reproducir m\u00fasica, en tu autoest\u00e9reo a una calidad alta. Si est\u00e1s buscando d\u00f3nde comprar un autoest\u00e9reo, no es necesario que busques m\u00e1s. Dentro de nuestra tienda tenemos una variedad de modelos para que puedas elegir el que mejor se adapta a lo que necesitas. El modelo SC-7001 viene en conjunto con dos parlantes de 6.5 pulgadas inclu\u00eddos para que puedas llevar la fiesta vayas donde vayas. Adem\u00e1s tiene 2 woofers de 6.5 pulgadas de di\u00e1metro. Estos parlantes ofrecen una potencia de 4&#215;25 watts RMS. La suficiente para que puedas disfrutar tu m\u00fasica favorita a una gran potencia pero manteniendo la claridad. El est\u00e9reo para auto Stromberg es Bluetooth, tiene frente desmontable, entrada USB, entrada microSD y entrada auxiliar. De esta manera podr\u00e1s conectarle cualquier tipo de dispositivo que se te ocurra. Soporta los formatos MP3, MP4 y WMA. Tiene un display LED donde podr\u00e1s hacer las configuraciones necesarias. De todas maneras, viene con una serie de ecualizaciones de f\u00e1brica para que puedas experimentar las mejores combinaciones.<\/p>\n<p>Caracter\u00edsticas:<br \/>\nBluetooth<br \/>\nFrente desmontable<br \/>\nRadio FM\/AM<br \/>\nEntrada USB<br \/>\nLee microSD<br \/>\nEntrada auxiliar<br \/>\nPotencia 4x25W RMS<br \/>\nFormatos soportados: MP3, MP4 y WMA<br \/>\nDisplay<br \/>\nEcualizaciones prefijadas<br \/>\nEntrada Universal &#8211; 2 RCA \u2013 Est\u00e9reo<br \/>\n2 woofer de 6,5\u201d<\/p>\n","protected":false},"featured_media":1029,"comment_status":"closed","ping_status":"closed","template":"","meta":{"_acf_changed":false,"_monsterinsights_skip_tracking":false,"_monsterinsights_sitenote_active":false,"_monsterinsights_sitenote_note":"","_monsterinsights_sitenote_category":0},"product_brand":[],"product_cat":[46,15],"product_tag":[],"class_list":{"0":"post-1210","1":"product","2":"type-product","3":"status-publish","4":"has-post-thumbnail","6":"product_cat-autoestereos","7":"product_cat-stromberg","9":"first","10":"instock","11":"product-type-simple"},"acf":[],"aioseo_notices":[],"_links":{"self":[{"href":"https:\/\/gularo.com\/index.php?rest_route=\/wp\/v2\/product\/1210","targetHints":{"allow":["GET"]}}],"collection":[{"href":"https:\/\/gularo.com\/index.php?rest_route=\/wp\/v2\/product"}],"about":[{"href":"https:\/\/gularo.com\/index.php?rest_route=\/wp\/v2\/types\/product"}],"replies":[{"embeddable":true,"href":"https:\/\/gularo.com\/index.php?rest_route=%2Fwp%2Fv2%2Fcomments&post=1210"}],"wp:featuredmedia":[{"embeddable":true,"href":"https:\/\/gularo.com\/index.php?rest_route=\/wp\/v2\/media\/1029"}],"wp:attachment":[{"href":"https:\/\/gularo.com\/index.php?rest_route=%2Fwp%2Fv2%2Fmedia&parent=1210"}],"wp:term":[{"taxonomy":"product_brand","embeddable":true,"href":"https:\/\/gularo.com\/index.php?rest_route=%2Fwp%2Fv2%2Fproduct_brand&post=1210"},{"taxonomy":"product_cat","embeddable":true,"href":"https:\/\/gularo.com\/index.php?rest_route=%2Fwp%2Fv2%2Fproduct_cat&post=1210"},{"taxonomy":"product_tag","embeddable":true,"href":"https:\/\/gularo.com\/index.php?rest_route=%2Fwp%2Fv2%2Fproduct_tag&post=1210"}],"curies":[{"name":"wp","href":"https:\/\/api.w.org\/{rel}","templated":true}]}}