{"id":1214,"date":"2022-09-16T19:22:53","date_gmt":"2022-09-16T19:22:53","guid":{"rendered":"http:\/\/gularo.com\/product\/slim-2\/"},"modified":"2022-11-15T13:46:52","modified_gmt":"2022-11-15T13:46:52","slug":"slim-2","status":"publish","type":"product","link":"https:\/\/gularo.com\/?product=slim-2","title":{"rendered":"Slim 2"},"content":{"rendered":"<p><iframe width=\"560\" height=\"515\" src=\"https:\/\/www.youtube.com\/embed\/cQMfUQsqYzg\" title=\"YouTube video player\" frameborder=\"0\" allow=\"accelerometer; autoplay; clipboard-write; encrypted-media; gyroscope; picture-in-picture\" allowfullscreen><\/iframe><\/p>\n","protected":false},"excerpt":{"rendered":"<p>La fiesta m\u00e1s r\u00e1pida y divertida donde quieras con este Parlante Port\u00e1til Bluetooth Stromberg. Doble woofer y luces flash LED. Forma parte de la l\u00ednea de productos Stromberg\u00a0parlantes port\u00e1tiles medianos. La tecnolog\u00eda TWS intramodelo permite conectar a otros de su mismo modelo y otros modelos Stromberg.<\/p>\n<p>Podr\u00e1s crear la combinaci\u00f3n de parltantes que m\u00e1s te guste y disfrutar de una calidad de sonido n\u00edtida y un efecto envolvente \u00fanico. El modelo Slim 2 cuenta con dos parlantes de 6.5 pulgadas de di\u00e1metro que ofrecen una potencia real RMS de 30 watts. Tiene una bater\u00eda interna de 1500 mAh con una duraci\u00f3n que alcanza las 10 horas de reproducci\u00f3n continua o de karaoke.<\/p>\n<p>Gracias a sus medidas de 60cm de alto, 23cm de profundidad y 23cm de ancho lo podr\u00e1s llevar donde sea. Incluye micr\u00f3fono para karaoke con efectos de sonido sobre voz y m\u00fasica. Adem\u00e1s de un control independiente de volumen. Tiene un ecualizador digital que te permite adaptar el sonido como m\u00e1s te guste y cable cargador.<\/p>\n<p>Caracter\u00edsticas:<br \/>\nBluetooth TWS<br \/>\nLuces LED audior\u00edtmicas<br \/>\nIncluye micr\u00f3fono<br \/>\nDi\u00e1metro parlante 2&#215;6,5&#8243;<br \/>\n30w RMS potencia real<br \/>\nBater\u00eda interna (1500 mAh)<br \/>\nDuraci\u00f3n bater\u00eda 10hs.<br \/>\nEntrada auxiliar<br \/>\nControl del eco del micr\u00f3fono<br \/>\nControl de volumen de micr\u00f3fono independiente<br \/>\nEcualizador digital<br \/>\nIncluye cable cargador (no incluye adaptador)<br \/>\nMedidas:<\/p>\n<p>Alto: 60 cm<\/p>\n<p>Profundidad: 23 cm<\/p>\n<p>Ancho: 23 cm<\/p>\n","protected":false},"featured_media":1051,"comment_status":"closed","ping_status":"closed","template":"","meta":{"_acf_changed":false,"_monsterinsights_skip_tracking":false,"_monsterinsights_sitenote_active":false,"_monsterinsights_sitenote_note":"","_monsterinsights_sitenote_category":0},"product_brand":[],"product_cat":[24,25,15],"product_tag":[],"class_list":{"0":"post-1214","1":"product","2":"type-product","3":"status-publish","4":"has-post-thumbnail","6":"product_cat-parlantes","7":"product_cat-parlantes-portatiles","8":"product_cat-stromberg","10":"first","11":"instock","12":"product-type-simple"},"acf":[],"aioseo_notices":[],"_links":{"self":[{"href":"https:\/\/gularo.com\/index.php?rest_route=\/wp\/v2\/product\/1214","targetHints":{"allow":["GET"]}}],"collection":[{"href":"https:\/\/gularo.com\/index.php?rest_route=\/wp\/v2\/product"}],"about":[{"href":"https:\/\/gularo.com\/index.php?rest_route=\/wp\/v2\/types\/product"}],"replies":[{"embeddable":true,"href":"https:\/\/gularo.com\/index.php?rest_route=%2Fwp%2Fv2%2Fcomments&post=1214"}],"wp:featuredmedia":[{"embeddable":true,"href":"https:\/\/gularo.com\/index.php?rest_route=\/wp\/v2\/media\/1051"}],"wp:attachment":[{"href":"https:\/\/gularo.com\/index.php?rest_route=%2Fwp%2Fv2%2Fmedia&parent=1214"}],"wp:term":[{"taxonomy":"product_brand","embeddable":true,"href":"https:\/\/gularo.com\/index.php?rest_route=%2Fwp%2Fv2%2Fproduct_brand&post=1214"},{"taxonomy":"product_cat","embeddable":true,"href":"https:\/\/gularo.com\/index.php?rest_route=%2Fwp%2Fv2%2Fproduct_cat&post=1214"},{"taxonomy":"product_tag","embeddable":true,"href":"https:\/\/gularo.com\/index.php?rest_route=%2Fwp%2Fv2%2Fproduct_tag&post=1214"}],"curies":[{"name":"wp","href":"https:\/\/api.w.org\/{rel}","templated":true}]}}