{"id":1215,"date":"2022-09-16T19:22:57","date_gmt":"2022-09-16T19:22:57","guid":{"rendered":"http:\/\/gularo.com\/product\/smith\/"},"modified":"2022-11-14T18:10:34","modified_gmt":"2022-11-14T18:10:34","slug":"smith","status":"publish","type":"product","link":"https:\/\/gularo.com\/?product=smith","title":{"rendered":"Smith"},"content":{"rendered":"<p><iframe width=\"560\" height=\"515\" src=\"https:\/\/www.youtube.com\/embed\/CBdWWNxmXsc\" title=\"YouTube video player\" frameborder=\"0\" allow=\"accelerometer; autoplay; clipboard-write; encrypted-media; gyroscope; picture-in-picture\" allowfullscreen><\/iframe><\/p>\n","protected":false},"excerpt":{"rendered":"<p>Los Auriculares Gamer Smith de Stromberg te permiten vivir cada juego como una experiencia \u00fanica y envolvente. Gracias a su dise\u00f1o compuesto por almohadillas c\u00f3modas y vers\u00e1tiles que proveen aislaci\u00f3n para ruidos exteriores, solo escuchar\u00e1s los sonidos de los juegos y las conversaciones con tus amigos. La tecnolog\u00eda DeepBass que puedes encontrar en productos Stromberg potencia los bajos que ofrecen un sonido superior.<\/p>\n<p>Trabajan en la frecuencia de 20Hz-20KHz. Estos auriculares gamer, tambi\u00e9n, est\u00e1n equipados con un micr\u00f3fono omnidireccional ajustable, para que puedas escuchar y hacerte escuchar en tus juegos favoritos. \u00bfEs realmente gamer si no tiene luces RGB? La respuesta que damos desde Stromberg es que no, si no tiene luces RGB no es un auricular gamer que valga la pena. Por esa raz\u00f3n el modelo Smith viene con una combinaci\u00f3n de luces RGB para que lo puedas presumir. Puede utilizarse en PC, Laptop, PS4, Xbox, celulares y cualquier dispositivo con entrada auxiliar 3.5mm. Viene con un cable con una longitud de 180cm.<\/p>\n<p>Caracter\u00edsticas:<br \/>\nMicr\u00f3fono omnidireccional ajustable<br \/>\nTecnolog\u00eda DeepBass\u00ae de bajos potenciados para sonido superior<br \/>\nConexi\u00f3n Auxiliar 3.5mm con cable de 180cm de largo<br \/>\nAlmohadillas comfortables y esponjosas para aislaci\u00f3n de ruidos exteriores<br \/>\nFrecuencia de 20Hz-20KHz<br \/>\nCompatible con PC, Notebook, PS4, PS5, Xbox y dispositivos m\u00f3viles<br \/>\nLuces RGB<br \/>\nMedidas:<\/p>\n<p>Alto: 23 cm<\/p>\n<p>Profundidad: 11 cm<\/p>\n<p>Ancho: 23 cm<\/p>\n","protected":false},"featured_media":1059,"comment_status":"closed","ping_status":"closed","template":"","meta":{"_acf_changed":false,"_monsterinsights_skip_tracking":false,"_monsterinsights_sitenote_active":false,"_monsterinsights_sitenote_note":"","_monsterinsights_sitenote_category":0},"product_brand":[],"product_cat":[32,47,15],"product_tag":[],"class_list":{"0":"post-1215","1":"product","2":"type-product","3":"status-publish","4":"has-post-thumbnail","6":"product_cat-auriculares","7":"product_cat-headphones-auriculares","8":"product_cat-stromberg","10":"first","11":"instock","12":"product-type-simple"},"acf":[],"aioseo_notices":[],"_links":{"self":[{"href":"https:\/\/gularo.com\/index.php?rest_route=\/wp\/v2\/product\/1215","targetHints":{"allow":["GET"]}}],"collection":[{"href":"https:\/\/gularo.com\/index.php?rest_route=\/wp\/v2\/product"}],"about":[{"href":"https:\/\/gularo.com\/index.php?rest_route=\/wp\/v2\/types\/product"}],"replies":[{"embeddable":true,"href":"https:\/\/gularo.com\/index.php?rest_route=%2Fwp%2Fv2%2Fcomments&post=1215"}],"wp:featuredmedia":[{"embeddable":true,"href":"https:\/\/gularo.com\/index.php?rest_route=\/wp\/v2\/media\/1059"}],"wp:attachment":[{"href":"https:\/\/gularo.com\/index.php?rest_route=%2Fwp%2Fv2%2Fmedia&parent=1215"}],"wp:term":[{"taxonomy":"product_brand","embeddable":true,"href":"https:\/\/gularo.com\/index.php?rest_route=%2Fwp%2Fv2%2Fproduct_brand&post=1215"},{"taxonomy":"product_cat","embeddable":true,"href":"https:\/\/gularo.com\/index.php?rest_route=%2Fwp%2Fv2%2Fproduct_cat&post=1215"},{"taxonomy":"product_tag","embeddable":true,"href":"https:\/\/gularo.com\/index.php?rest_route=%2Fwp%2Fv2%2Fproduct_tag&post=1215"}],"curies":[{"name":"wp","href":"https:\/\/api.w.org\/{rel}","templated":true}]}}