{"id":1216,"date":"2022-09-16T19:22:57","date_gmt":"2022-09-16T19:22:57","guid":{"rendered":"http:\/\/gularo.com\/product\/stage\/"},"modified":"2023-02-17T19:35:07","modified_gmt":"2023-02-17T19:35:07","slug":"stage","status":"publish","type":"product","link":"https:\/\/gularo.com\/?product=stage","title":{"rendered":"Stage"},"content":{"rendered":"<p><iframe title=\"YouTube video player\" src=\"https:\/\/www.youtube.com\/embed\/CVzMYOkQLhI\" width=\"560\" height=\"515\" frameborder=\"0\" allowfullscreen=\"allowfullscreen\"><\/iframe><\/p>\n","protected":false},"excerpt":{"rendered":"<p>\u00bfEst\u00e1s preparado para experimentar la mejor calidad de audio? Para eso lleg\u00f3 la nueva Barra de Sonido Stromberg Stage para completar el lineal de Barras Stromberg.<\/p>\n<p>Este soundbar cuenta con 2 parlantes de 3 pulgadas que logran 40 watts de potencia real y \u00a1hacen de tu living una sala de cine!<\/p>\n<p>Tiene entrada HDMI, entrada de cable \u00f3ptico, entrada auxiliar 3.5mm y conexi\u00f3n bluetooth para que puedas conectarte como quieras y disfrutar, sea pel\u00edculas desde tu TV o m\u00fasica desde tu celular Su dise\u00f1o permite que lo puedas ubicar en cualquier parte del hogar de manera sencilla y sobria.<\/p>\n<p>Caracter\u00edsticas:<br \/>\nBluetooth<br \/>\nEntrada HDMI ARC<br \/>\n40 w RMS<br \/>\n2 parlantes de 2,25\u201d<br \/>\nEntrada cable optical<br \/>\nEntrada auxiliar<br \/>\nControl Remoto<\/p>\n<p>Fuente de alimentacion 220v<br \/>\nMedidas:<\/p>\n<p>Alto: 8 cm<\/p>\n<p>Ancho: 80 cm<\/p>\n<p>Profundidad: 12 cm<\/p>\n","protected":false},"featured_media":1067,"comment_status":"closed","ping_status":"closed","template":"","meta":{"_acf_changed":false,"_monsterinsights_skip_tracking":false,"_monsterinsights_sitenote_active":false,"_monsterinsights_sitenote_note":"","_monsterinsights_sitenote_category":0},"product_brand":[],"product_cat":[24,42,15],"product_tag":[],"class_list":{"0":"post-1216","1":"product","2":"type-product","3":"status-publish","4":"has-post-thumbnail","6":"product_cat-parlantes","7":"product_cat-soundbars","8":"product_cat-stromberg","10":"first","11":"instock","12":"product-type-simple"},"acf":[],"aioseo_notices":[],"_links":{"self":[{"href":"https:\/\/gularo.com\/index.php?rest_route=\/wp\/v2\/product\/1216","targetHints":{"allow":["GET"]}}],"collection":[{"href":"https:\/\/gularo.com\/index.php?rest_route=\/wp\/v2\/product"}],"about":[{"href":"https:\/\/gularo.com\/index.php?rest_route=\/wp\/v2\/types\/product"}],"replies":[{"embeddable":true,"href":"https:\/\/gularo.com\/index.php?rest_route=%2Fwp%2Fv2%2Fcomments&post=1216"}],"wp:featuredmedia":[{"embeddable":true,"href":"https:\/\/gularo.com\/index.php?rest_route=\/wp\/v2\/media\/1067"}],"wp:attachment":[{"href":"https:\/\/gularo.com\/index.php?rest_route=%2Fwp%2Fv2%2Fmedia&parent=1216"}],"wp:term":[{"taxonomy":"product_brand","embeddable":true,"href":"https:\/\/gularo.com\/index.php?rest_route=%2Fwp%2Fv2%2Fproduct_brand&post=1216"},{"taxonomy":"product_cat","embeddable":true,"href":"https:\/\/gularo.com\/index.php?rest_route=%2Fwp%2Fv2%2Fproduct_cat&post=1216"},{"taxonomy":"product_tag","embeddable":true,"href":"https:\/\/gularo.com\/index.php?rest_route=%2Fwp%2Fv2%2Fproduct_tag&post=1216"}],"curies":[{"name":"wp","href":"https:\/\/api.w.org\/{rel}","templated":true}]}}