{"id":1217,"date":"2022-09-16T19:22:57","date_gmt":"2022-09-16T19:22:57","guid":{"rendered":"http:\/\/gularo.com\/product\/stoke\/"},"modified":"2023-06-23T17:55:57","modified_gmt":"2023-06-23T17:55:57","slug":"stoke","status":"publish","type":"product","link":"https:\/\/gularo.com\/?product=stoke","title":{"rendered":"Stoke"},"content":{"rendered":"<p><iframe title=\"YouTube video player\" src=\"https:\/\/www.youtube.com\/embed\/q0PY-CGKCsU\" width=\"560\" height=\"515\" frameborder=\"0\" allowfullscreen=\"allowfullscreen\"><\/iframe><\/p>\n","protected":false},"excerpt":{"rendered":"<p>Una fiesta a puro volumen y color. En d\u00f3nde pinte. Este Parlante Torre Port\u00e1til permite elegir entre distintos juegos de luces multiLED para ofrecer un espect\u00e1culo sonoro y visual incre\u00edble. Forma parte de la l\u00ednea de productos Stromberg parlantes port\u00e1tiles grandes.<\/p>\n<p>Cuenta con control de bajos y agudos, funci\u00f3n karaoke con efectos de voz para que escuches de la manera que m\u00e1s te gusta. Est\u00e1 equipado con dos parlantes de 8 pulgadas de di\u00e1metro que le permiten ofrecen una potencia real RMS de 80w. Tiene, adem\u00e1s, una bater\u00eda interna de 3600mAh para que escuches durante horas tu m\u00fasica favorita sin preocuparte por cargarlo. El equipo cuenta con entrada auxiliar, entrada para micr\u00f3fono y control del eco y volumen de este de manera independiente. Viene con micr\u00f3fono incluido, cable cargador y adaptador. \u00bfQuer\u00e9s que una fiesta en serio? C\u00f3mo la mayor\u00eda de parlantes port\u00e1tiles de Stromberg, cuenta con Stromberg Connect Intermodelo para poder conectarlo con otro igual o modelo Stoke y Glow. De esta manera, podr\u00e1s reproducir m\u00fasica en est\u00e9reo de manera sencilla, r\u00e1pida y totalmente inal\u00e1mbrica.<\/p>\n<p>Caracter\u00edsticas:<br \/>\n80w RMS potencia real<br \/>\nDi\u00e1metro parlante 2&#215;8&#8243;<br \/>\nBater\u00eda interna (3600Mah)<br \/>\nEntrada auxiliar<br \/>\nControl del eco del micr\u00f3fono<br \/>\nFunci\u00f3n karaoke<br \/>\nEcualizador anal\u00f3gico<br \/>\nLuces LED<br \/>\nIncluye micr\u00f3fono<br \/>\nIncluye adaptador y cargador<br \/>\nMedidas:<\/p>\n<p>Alto: 64 cm<\/p>\n<p>Profundidad: 27 cm<\/p>\n<p>Ancho: 30 cm<\/p>\n","protected":false},"featured_media":2188,"comment_status":"closed","ping_status":"closed","template":"","meta":{"_acf_changed":false,"_monsterinsights_skip_tracking":false,"_monsterinsights_sitenote_active":false,"_monsterinsights_sitenote_note":"","_monsterinsights_sitenote_category":0},"product_brand":[],"product_cat":[24,25,15],"product_tag":[],"class_list":{"0":"post-1217","1":"product","2":"type-product","3":"status-publish","4":"has-post-thumbnail","6":"product_cat-parlantes","7":"product_cat-parlantes-portatiles","8":"product_cat-stromberg","10":"first","11":"instock","12":"product-type-simple"},"acf":[],"aioseo_notices":[],"_links":{"self":[{"href":"https:\/\/gularo.com\/index.php?rest_route=\/wp\/v2\/product\/1217","targetHints":{"allow":["GET"]}}],"collection":[{"href":"https:\/\/gularo.com\/index.php?rest_route=\/wp\/v2\/product"}],"about":[{"href":"https:\/\/gularo.com\/index.php?rest_route=\/wp\/v2\/types\/product"}],"replies":[{"embeddable":true,"href":"https:\/\/gularo.com\/index.php?rest_route=%2Fwp%2Fv2%2Fcomments&post=1217"}],"wp:featuredmedia":[{"embeddable":true,"href":"https:\/\/gularo.com\/index.php?rest_route=\/wp\/v2\/media\/2188"}],"wp:attachment":[{"href":"https:\/\/gularo.com\/index.php?rest_route=%2Fwp%2Fv2%2Fmedia&parent=1217"}],"wp:term":[{"taxonomy":"product_brand","embeddable":true,"href":"https:\/\/gularo.com\/index.php?rest_route=%2Fwp%2Fv2%2Fproduct_brand&post=1217"},{"taxonomy":"product_cat","embeddable":true,"href":"https:\/\/gularo.com\/index.php?rest_route=%2Fwp%2Fv2%2Fproduct_cat&post=1217"},{"taxonomy":"product_tag","embeddable":true,"href":"https:\/\/gularo.com\/index.php?rest_route=%2Fwp%2Fv2%2Fproduct_tag&post=1217"}],"curies":[{"name":"wp","href":"https:\/\/api.w.org\/{rel}","templated":true}]}}