{"id":1219,"date":"2022-09-16T19:22:57","date_gmt":"2022-09-16T19:22:57","guid":{"rendered":"http:\/\/gularo.com\/product\/swell\/"},"modified":"2023-06-26T14:50:13","modified_gmt":"2023-06-26T14:50:13","slug":"swell","status":"publish","type":"product","link":"https:\/\/gularo.com\/?product=swell","title":{"rendered":"Swell"},"content":{"rendered":"<p><iframe title=\"YouTube video player\" src=\"https:\/\/www.youtube.com\/embed\/BEDC-Pqk2kk\" width=\"560\" height=\"515\" frameborder=\"0\" allowfullscreen=\"allowfullscreen\"><\/iframe><\/p>\n","protected":false},"excerpt":{"rendered":"<p>El Parlante Port\u00e1til Stromberg Swell es la mejor opci\u00f3n si buscas un parlante bluetooth para llevar contigo a todos lados sin preocupaci\u00f3n ya que tiene certificaci\u00f3n IP54 resistente al agua, polvo y posee una bater\u00eda recargable de 1200Mah que dura hasta 6hs. Las certificaciones IP que seguro has visto en otros dispositivos indican la resistencia al polvo y a la humedad que tiene. Esto se mide con pruebas que tienen que adaptarse a est\u00e1ndares internacionales y garantizan la resistencia y durabilidad de los productos Stromberg. La IP54 garantiza la resistencia frente a chorros de agua durante 10 minutos y frente a la exposici\u00f3n de polvo y otras particulas similares. La tecnolog\u00eda de \u00faltima generaci\u00f3n Stromberg Connect permite que dos dispositivos reproductores de audio se conecten y emitan dos se\u00f1ales distintas de sonido para crear un efecto est\u00e9reo. El parlante Stromberg Swell tiene, adem\u00e1s, luces sutiles que le dan un toque atractivo que resalta durante la noche. Por otro lado, tiene una potencia real de 15w RMS, un tweeter con di\u00e1metro 1&#215;3 pulgadas y entrada auxiliar. Incluye cargador y, gracias a sus medidas de 23cm de alto, 9cm de profundidad y 9cm de ancho, puede ser transportado sin mayores inconvenientes.<\/p>\n<p>Caracter\u00edsticas Parlante Port\u00e1til Stromberg\u00a0:<br \/>\nLuces audior\u00edtmicas<br \/>\n15w RMS potencia real<br \/>\nEntrada auxiliar<br \/>\nDi\u00e1metro tweeter 1&#215;3\u201d<br \/>\nIP54 Waterproof<br \/>\nBluetooth TWS<br \/>\nIncluye cargador<br \/>\nMedidas:<br \/>\nAlto: 23 cm<br \/>\nProfundidad: 9 cm<br \/>\nAncho: 9 cm<\/p>\n","protected":false},"featured_media":2196,"comment_status":"closed","ping_status":"closed","template":"","meta":{"_acf_changed":false,"_monsterinsights_skip_tracking":false,"_monsterinsights_sitenote_active":false,"_monsterinsights_sitenote_note":"","_monsterinsights_sitenote_category":0},"product_brand":[],"product_cat":[48,24,15],"product_tag":[],"class_list":{"0":"post-1219","1":"product","2":"type-product","3":"status-publish","4":"has-post-thumbnail","6":"product_cat-mini-parlantes","7":"product_cat-parlantes","8":"product_cat-stromberg","10":"first","11":"instock","12":"product-type-simple"},"acf":[],"aioseo_notices":[],"_links":{"self":[{"href":"https:\/\/gularo.com\/index.php?rest_route=\/wp\/v2\/product\/1219","targetHints":{"allow":["GET"]}}],"collection":[{"href":"https:\/\/gularo.com\/index.php?rest_route=\/wp\/v2\/product"}],"about":[{"href":"https:\/\/gularo.com\/index.php?rest_route=\/wp\/v2\/types\/product"}],"replies":[{"embeddable":true,"href":"https:\/\/gularo.com\/index.php?rest_route=%2Fwp%2Fv2%2Fcomments&post=1219"}],"wp:featuredmedia":[{"embeddable":true,"href":"https:\/\/gularo.com\/index.php?rest_route=\/wp\/v2\/media\/2196"}],"wp:attachment":[{"href":"https:\/\/gularo.com\/index.php?rest_route=%2Fwp%2Fv2%2Fmedia&parent=1219"}],"wp:term":[{"taxonomy":"product_brand","embeddable":true,"href":"https:\/\/gularo.com\/index.php?rest_route=%2Fwp%2Fv2%2Fproduct_brand&post=1219"},{"taxonomy":"product_cat","embeddable":true,"href":"https:\/\/gularo.com\/index.php?rest_route=%2Fwp%2Fv2%2Fproduct_cat&post=1219"},{"taxonomy":"product_tag","embeddable":true,"href":"https:\/\/gularo.com\/index.php?rest_route=%2Fwp%2Fv2%2Fproduct_tag&post=1219"}],"curies":[{"name":"wp","href":"https:\/\/api.w.org\/{rel}","templated":true}]}}