{"id":1220,"date":"2022-09-16T19:22:57","date_gmt":"2022-09-16T19:22:57","guid":{"rendered":"http:\/\/gularo.com\/product\/tag\/"},"modified":"2023-02-16T14:33:29","modified_gmt":"2023-02-16T14:33:29","slug":"tag","status":"publish","type":"product","link":"https:\/\/gularo.com\/?product=tag","title":{"rendered":"Tag"},"content":{"rendered":"","protected":false},"excerpt":{"rendered":"<p>Inspirado en el graffiti, el skateboard y los sneakers, Kevin Ral dise\u00f1\u00f3 un ploteo exclusivo para estos auriculares de calidad, c\u00f3modos, duraderos y sumamente cancheros.<\/p>\n<p>Disfrut\u00e1 de la libertad inal\u00e1mbrica y llev\u00e1 siempre encima tus auriculares Stromberg Tag para escaparte de la rutina y sumergite en tu m\u00fasica que m\u00e1s te gusta cu\u00e1ndo y d\u00f3nde quieras.<\/p>\n<p>Caracter\u00edsticas:<br \/>\nConexi\u00f3n Bluetooth<br \/>\nTecnolog\u00eda DeepBass\u00ae de bajos potenciados para sonido superior<\/p>\n<p>Entrada Auxiliar 3.5mm<\/p>\n<p>Bater\u00eda 8hs.<br \/>\nMedidas:<\/p>\n<p>Alto: 18,5 cm<\/p>\n<p>Profundidad: 7 cm<\/p>\n<p>Ancho: 11,5 cm<\/p>\n<p>Medidas embalaje:<\/p>\n<p>Alto: 18,5 cm<\/p>\n<p>Profundidad: 7 cm<\/p>\n<p>Ancho: 11,5 cm<\/p>\n<p>Peso: 0,6 kg<\/p>\n","protected":false},"featured_media":2097,"comment_status":"closed","ping_status":"closed","template":"","meta":{"_acf_changed":false,"_monsterinsights_skip_tracking":false,"_monsterinsights_sitenote_active":false,"_monsterinsights_sitenote_note":"","_monsterinsights_sitenote_category":0},"product_brand":[],"product_cat":[32,47,15],"product_tag":[],"class_list":{"0":"post-1220","1":"product","2":"type-product","3":"status-publish","4":"has-post-thumbnail","6":"product_cat-auriculares","7":"product_cat-headphones-auriculares","8":"product_cat-stromberg","10":"first","11":"instock","12":"product-type-simple"},"acf":[],"aioseo_notices":[],"_links":{"self":[{"href":"https:\/\/gularo.com\/index.php?rest_route=\/wp\/v2\/product\/1220","targetHints":{"allow":["GET"]}}],"collection":[{"href":"https:\/\/gularo.com\/index.php?rest_route=\/wp\/v2\/product"}],"about":[{"href":"https:\/\/gularo.com\/index.php?rest_route=\/wp\/v2\/types\/product"}],"replies":[{"embeddable":true,"href":"https:\/\/gularo.com\/index.php?rest_route=%2Fwp%2Fv2%2Fcomments&post=1220"}],"wp:featuredmedia":[{"embeddable":true,"href":"https:\/\/gularo.com\/index.php?rest_route=\/wp\/v2\/media\/2097"}],"wp:attachment":[{"href":"https:\/\/gularo.com\/index.php?rest_route=%2Fwp%2Fv2%2Fmedia&parent=1220"}],"wp:term":[{"taxonomy":"product_brand","embeddable":true,"href":"https:\/\/gularo.com\/index.php?rest_route=%2Fwp%2Fv2%2Fproduct_brand&post=1220"},{"taxonomy":"product_cat","embeddable":true,"href":"https:\/\/gularo.com\/index.php?rest_route=%2Fwp%2Fv2%2Fproduct_cat&post=1220"},{"taxonomy":"product_tag","embeddable":true,"href":"https:\/\/gularo.com\/index.php?rest_route=%2Fwp%2Fv2%2Fproduct_tag&post=1220"}],"curies":[{"name":"wp","href":"https:\/\/api.w.org\/{rel}","templated":true}]}}