{"id":1221,"date":"2022-09-16T19:22:57","date_gmt":"2022-09-16T19:22:57","guid":{"rendered":"http:\/\/gularo.com\/product\/twin\/"},"modified":"2023-06-23T18:01:37","modified_gmt":"2023-06-23T18:01:37","slug":"twin","status":"publish","type":"product","link":"https:\/\/gularo.com\/?product=twin","title":{"rendered":"Twin"},"content":{"rendered":"<p><iframe title=\"YouTube video player\" src=\"https:\/\/www.youtube.com\/embed\/udMBN0UGi0w\" width=\"560\" height=\"515\" frameborder=\"0\" allowfullscreen=\"allowfullscreen\"><\/iframe><\/p>\n","protected":false},"excerpt":{"rendered":"<p>El parlante bluetooth port\u00e1til e inal\u00e1mbrico Twin de Stromberg es un dispositivo de alta calidad que ofrece una experiencia de audio 3D inigualable.<\/p>\n<p>Con su dise\u00f1o 2 en 1, cada paquete incluye dos parlantes que pueden ser separados para una mayor flexibilidad de uso. Cada uno tiene una potente salida de audio de 15w RMS, convirti\u00e9ndolos en el alma de las fiestas y eventos. Son f\u00e1cilmente transportables gracias a sus medidas compactas y bater\u00eda recargable de 1200mAh.<\/p>\n<p>Adem\u00e1s, vienen con dos cables USB-C para cargarlos y una funda de silicona para protegerlos.<\/p>\n<p>Caracter\u00edsticas Parlante Bluetooth Port\u00e1til e Inal\u00e1mbrico Twin:<br \/>\n\u2022 Two in One Design<br \/>\n\u2022 Bluetooth Stromberg Connect<br \/>\n\u2022 Bater\u00eda recargable 2 x 1200Mah<br \/>\n\u2022 Configuraci\u00f3n Sonido envolvente<br \/>\n\u2022 2 x 15w RMS potencia real<br \/>\nContenidos de la caja:<br \/>\n\u2022 Dos parlantes<br \/>\n\u2022 Funda de silicona para unirlos<br \/>\n\u2022 Dos cables USB-C, ya que los parlantes se cargan por separado.<br \/>\n\u2022 Manual de Usuario<br \/>\nEnlazalos sosteniendo un bot\u00f3n y cuando los prendas \u00a1se conectan solos!<br \/>\nMedidas:<br \/>\n\u2022 Alto: 23 cm<br \/>\n\u2022 Profundidad: 9 cm<br \/>\n\u2022 Ancho: 9 cm<\/p>\n","protected":false},"featured_media":2206,"comment_status":"closed","ping_status":"closed","template":"","meta":{"_acf_changed":false,"_monsterinsights_skip_tracking":false,"_monsterinsights_sitenote_active":false,"_monsterinsights_sitenote_note":"","_monsterinsights_sitenote_category":0},"product_brand":[],"product_cat":[48,24,15],"product_tag":[],"class_list":{"0":"post-1221","1":"product","2":"type-product","3":"status-publish","4":"has-post-thumbnail","6":"product_cat-mini-parlantes","7":"product_cat-parlantes","8":"product_cat-stromberg","10":"first","11":"instock","12":"product-type-simple"},"acf":[],"aioseo_notices":[],"_links":{"self":[{"href":"https:\/\/gularo.com\/index.php?rest_route=\/wp\/v2\/product\/1221","targetHints":{"allow":["GET"]}}],"collection":[{"href":"https:\/\/gularo.com\/index.php?rest_route=\/wp\/v2\/product"}],"about":[{"href":"https:\/\/gularo.com\/index.php?rest_route=\/wp\/v2\/types\/product"}],"replies":[{"embeddable":true,"href":"https:\/\/gularo.com\/index.php?rest_route=%2Fwp%2Fv2%2Fcomments&post=1221"}],"wp:featuredmedia":[{"embeddable":true,"href":"https:\/\/gularo.com\/index.php?rest_route=\/wp\/v2\/media\/2206"}],"wp:attachment":[{"href":"https:\/\/gularo.com\/index.php?rest_route=%2Fwp%2Fv2%2Fmedia&parent=1221"}],"wp:term":[{"taxonomy":"product_brand","embeddable":true,"href":"https:\/\/gularo.com\/index.php?rest_route=%2Fwp%2Fv2%2Fproduct_brand&post=1221"},{"taxonomy":"product_cat","embeddable":true,"href":"https:\/\/gularo.com\/index.php?rest_route=%2Fwp%2Fv2%2Fproduct_cat&post=1221"},{"taxonomy":"product_tag","embeddable":true,"href":"https:\/\/gularo.com\/index.php?rest_route=%2Fwp%2Fv2%2Fproduct_tag&post=1221"}],"curies":[{"name":"wp","href":"https:\/\/api.w.org\/{rel}","templated":true}]}}