{"id":1224,"date":"2022-09-16T19:22:57","date_gmt":"2022-09-16T19:22:57","guid":{"rendered":"http:\/\/gularo.com\/product\/yard\/"},"modified":"2022-11-18T17:15:22","modified_gmt":"2022-11-18T17:15:22","slug":"yard","status":"publish","type":"product","link":"https:\/\/gularo.com\/?product=yard","title":{"rendered":"Yard"},"content":{"rendered":"<p><iframe title=\"YouTube video player\" src=\"https:\/\/www.youtube.com\/embed\/YDdskJJwDoY\" width=\"560\" height=\"515\" frameborder=\"0\" allowfullscreen=\"allowfullscreen\"><\/iframe><\/p>\n","protected":false},"excerpt":{"rendered":"<p>Lleva siempre tus Auriculares con Cable Stromberg para escaparte de la rutina y sumergite en la m\u00fasica que m\u00e1s te gusta cu\u00e1ndo y d\u00f3nde quieras. Su forma plegable y sus medidas de 18cm de alto, 7cm de profundidad y 11,5cm de ancho les permite adaptarse para que lo puedas guardar con facilidad en cualquier tipo de estuche que tengas.<\/p>\n<p>Vienen equipados con una entrada auxiliar de 3.5 mil\u00edmetros de di\u00e1metro y un cable de 1.2 metros de largo. Al no contar con bater\u00edas , no tendr\u00e1s que preocuparte por tiempos de carga ni duracines. Estos Auriculares con Cable estar\u00e1n listos para la acci\u00f3n en todo momento. Podr\u00e1s disfrutar de la m\u00fasica y los podcast que m\u00e1s te gustan en todo momento. Se apoyan sobre tus o\u00eddos c\u00f3modamente y te brindan una calidad de sonido premium.<\/p>\n<p>Cuentan, tambi\u00e9n, con micr\u00f3fono integrado que incluye un bot\u00f3n de play, pausa y para aceptar llamadas sin tener que sacar tu tel\u00e9fono m\u00f3vil del bolsillo.<\/p>\n<p>Caracter\u00edsticas:<br \/>\nEntrada Auxiliar 3.5mm<br \/>\nCable de 1.2m de largo<br \/>\nMicr\u00f3fono incorporado en cable con bot\u00f3n de play \/ pausa<br \/>\nDise\u00f1o plegable para guardar f\u00e1cilmente<br \/>\nAlmohadillas c\u00f3modas<br \/>\nSonido de alta fidelidad<br \/>\nMedidas:<\/p>\n<p>Alto: 18,5 cm<\/p>\n<p>Profundidad: 7 cm<\/p>\n<p>Ancho: 11,5 cm<\/p>\n","protected":false},"featured_media":1148,"comment_status":"closed","ping_status":"closed","template":"","meta":{"_acf_changed":false,"_monsterinsights_skip_tracking":false,"_monsterinsights_sitenote_active":false,"_monsterinsights_sitenote_note":"","_monsterinsights_sitenote_category":0},"product_brand":[],"product_cat":[32,47,15],"product_tag":[],"class_list":{"0":"post-1224","1":"product","2":"type-product","3":"status-publish","4":"has-post-thumbnail","6":"product_cat-auriculares","7":"product_cat-headphones-auriculares","8":"product_cat-stromberg","10":"first","11":"instock","12":"product-type-simple"},"acf":[],"aioseo_notices":[],"_links":{"self":[{"href":"https:\/\/gularo.com\/index.php?rest_route=\/wp\/v2\/product\/1224","targetHints":{"allow":["GET"]}}],"collection":[{"href":"https:\/\/gularo.com\/index.php?rest_route=\/wp\/v2\/product"}],"about":[{"href":"https:\/\/gularo.com\/index.php?rest_route=\/wp\/v2\/types\/product"}],"replies":[{"embeddable":true,"href":"https:\/\/gularo.com\/index.php?rest_route=%2Fwp%2Fv2%2Fcomments&post=1224"}],"wp:featuredmedia":[{"embeddable":true,"href":"https:\/\/gularo.com\/index.php?rest_route=\/wp\/v2\/media\/1148"}],"wp:attachment":[{"href":"https:\/\/gularo.com\/index.php?rest_route=%2Fwp%2Fv2%2Fmedia&parent=1224"}],"wp:term":[{"taxonomy":"product_brand","embeddable":true,"href":"https:\/\/gularo.com\/index.php?rest_route=%2Fwp%2Fv2%2Fproduct_brand&post=1224"},{"taxonomy":"product_cat","embeddable":true,"href":"https:\/\/gularo.com\/index.php?rest_route=%2Fwp%2Fv2%2Fproduct_cat&post=1224"},{"taxonomy":"product_tag","embeddable":true,"href":"https:\/\/gularo.com\/index.php?rest_route=%2Fwp%2Fv2%2Fproduct_tag&post=1224"}],"curies":[{"name":"wp","href":"https:\/\/api.w.org\/{rel}","templated":true}]}}