{"id":2042,"date":"2023-02-03T13:04:07","date_gmt":"2023-02-03T13:04:07","guid":{"rendered":"https:\/\/gularo.com\/?post_type=product&#038;p=2042"},"modified":"2023-05-02T12:12:13","modified_gmt":"2023-05-02T12:12:13","slug":"chop","status":"publish","type":"product","link":"https:\/\/gularo.com\/?product=chop","title":{"rendered":"Chop"},"content":{"rendered":"","protected":false},"excerpt":{"rendered":"<p>La multiprocesadora de alimentos Chop de marca Stromberg Life de 500 vatios es un electrodom\u00e9stico de cocina vers\u00e1til y potente de la marca reconocida Stromberg .<\/p>\n<p>Con su jarra licuadora, podr\u00e1 preparar batidos, smoothies y mezclas de alimentos con facilidad. Adem\u00e1s, viene equipada con discos de rebanado y rayado para cortar verduras y frutas con precisi\u00f3n y rapidez. La amasadora incorporada le permite preparar masas para panes, pastas y reposter\u00eda con facilidad. Y por \u00faltimo, cuenta con una emulsionadora para mezclar ingredientes l\u00edquidos y crear salsas, mayonesas y vinagretas con textura homog\u00e9nea.<\/p>\n<p>Esta multiprocesadora de marca Stromberg Life es una excelente herramienta para cocinar y preparar alimentos de manera r\u00e1pida y eficiente.<\/p>\n<p>CARACTERISTICAS<br \/>\n500 watts de potencia<br \/>\nJarra licuadora<br \/>\nDiscos de rebanado y rayado<br \/>\nAmasora<br \/>\nEmulsionadora<\/p>\n","protected":false},"featured_media":2106,"comment_status":"open","ping_status":"closed","template":"","meta":{"_acf_changed":false,"_monsterinsights_skip_tracking":false,"_monsterinsights_sitenote_active":false,"_monsterinsights_sitenote_note":"","_monsterinsights_sitenote_category":0},"product_brand":[],"product_cat":[51],"product_tag":[],"class_list":{"0":"post-2042","1":"product","2":"type-product","3":"status-publish","4":"has-post-thumbnail","6":"product_cat-pequenos-electrodomesticos","8":"first","9":"instock","10":"shipping-taxable","11":"product-type-simple"},"acf":[],"aioseo_notices":[],"_links":{"self":[{"href":"https:\/\/gularo.com\/index.php?rest_route=\/wp\/v2\/product\/2042","targetHints":{"allow":["GET"]}}],"collection":[{"href":"https:\/\/gularo.com\/index.php?rest_route=\/wp\/v2\/product"}],"about":[{"href":"https:\/\/gularo.com\/index.php?rest_route=\/wp\/v2\/types\/product"}],"replies":[{"embeddable":true,"href":"https:\/\/gularo.com\/index.php?rest_route=%2Fwp%2Fv2%2Fcomments&post=2042"}],"wp:featuredmedia":[{"embeddable":true,"href":"https:\/\/gularo.com\/index.php?rest_route=\/wp\/v2\/media\/2106"}],"wp:attachment":[{"href":"https:\/\/gularo.com\/index.php?rest_route=%2Fwp%2Fv2%2Fmedia&parent=2042"}],"wp:term":[{"taxonomy":"product_brand","embeddable":true,"href":"https:\/\/gularo.com\/index.php?rest_route=%2Fwp%2Fv2%2Fproduct_brand&post=2042"},{"taxonomy":"product_cat","embeddable":true,"href":"https:\/\/gularo.com\/index.php?rest_route=%2Fwp%2Fv2%2Fproduct_cat&post=2042"},{"taxonomy":"product_tag","embeddable":true,"href":"https:\/\/gularo.com\/index.php?rest_route=%2Fwp%2Fv2%2Fproduct_tag&post=2042"}],"curies":[{"name":"wp","href":"https:\/\/api.w.org\/{rel}","templated":true}]}}