{"id":2067,"date":"2023-02-03T13:29:17","date_gmt":"2023-02-03T13:29:17","guid":{"rendered":"https:\/\/gularo.com\/?post_type=product&#038;p=2067"},"modified":"2023-02-16T17:48:41","modified_gmt":"2023-02-16T17:48:41","slug":"miniblend","status":"publish","type":"product","link":"https:\/\/gularo.com\/?product=miniblend","title":{"rendered":"Miniblend"},"content":{"rendered":"","protected":false},"excerpt":{"rendered":"<p>\u00a1Prep\u00e1rate para revolucionar tu cocina con la procesadora de mano Miniblend de Stromberg Life! Con su potente funci\u00f3n turbo, podr\u00e1s triturar, mezclar y moler todo tipo de alimentos en segundos. Adi\u00f3s a las tareas tediosas de cocinar, con Miniblend podr\u00e1s crear platillos deliciosos con facilidad y rapidez. \u00a1Sorprende a tu familia y amigos con tus habilidades culinarias con la ayuda de Miniblend! \u00a1Consigue la tuya hoy y dale vida a tus comidas con Stromberg Life!&#8221;<\/p>\n<p>CARACTERISTICAS<br \/>\n300 watts de potencia<br \/>\nFunci\u00f3n turbo<br \/>\nCuchilla de acero inoxidable<\/p>\n","protected":false},"featured_media":2109,"comment_status":"open","ping_status":"closed","template":"","meta":{"_acf_changed":false,"_monsterinsights_skip_tracking":false,"_monsterinsights_sitenote_active":false,"_monsterinsights_sitenote_note":"","_monsterinsights_sitenote_category":0},"product_brand":[],"product_cat":[51,28],"product_tag":[],"class_list":{"0":"post-2067","1":"product","2":"type-product","3":"status-publish","4":"has-post-thumbnail","6":"product_cat-pequenos-electrodomesticos","7":"product_cat-stromberg-life","9":"first","10":"instock","11":"shipping-taxable","12":"product-type-simple"},"acf":[],"aioseo_notices":[],"_links":{"self":[{"href":"https:\/\/gularo.com\/index.php?rest_route=\/wp\/v2\/product\/2067","targetHints":{"allow":["GET"]}}],"collection":[{"href":"https:\/\/gularo.com\/index.php?rest_route=\/wp\/v2\/product"}],"about":[{"href":"https:\/\/gularo.com\/index.php?rest_route=\/wp\/v2\/types\/product"}],"replies":[{"embeddable":true,"href":"https:\/\/gularo.com\/index.php?rest_route=%2Fwp%2Fv2%2Fcomments&post=2067"}],"wp:featuredmedia":[{"embeddable":true,"href":"https:\/\/gularo.com\/index.php?rest_route=\/wp\/v2\/media\/2109"}],"wp:attachment":[{"href":"https:\/\/gularo.com\/index.php?rest_route=%2Fwp%2Fv2%2Fmedia&parent=2067"}],"wp:term":[{"taxonomy":"product_brand","embeddable":true,"href":"https:\/\/gularo.com\/index.php?rest_route=%2Fwp%2Fv2%2Fproduct_brand&post=2067"},{"taxonomy":"product_cat","embeddable":true,"href":"https:\/\/gularo.com\/index.php?rest_route=%2Fwp%2Fv2%2Fproduct_cat&post=2067"},{"taxonomy":"product_tag","embeddable":true,"href":"https:\/\/gularo.com\/index.php?rest_route=%2Fwp%2Fv2%2Fproduct_tag&post=2067"}],"curies":[{"name":"wp","href":"https:\/\/api.w.org\/{rel}","templated":true}]}}