{"id":2483,"date":"2023-08-30T17:22:33","date_gmt":"2023-08-30T17:22:33","guid":{"rendered":"https:\/\/gularo.com\/?post_type=product&#038;p=2483"},"modified":"2023-08-30T17:22:33","modified_gmt":"2023-08-30T17:22:33","slug":"dhe-6002","status":"publish","type":"product","link":"https:\/\/gularo.com\/?product=dhe-6002","title":{"rendered":"DHE-6002"},"content":{"rendered":"","protected":false},"excerpt":{"rendered":"<p>Sonido n\u00edtido y potente para tu escritorio, tecnolog\u00eda de primer nivel para gaming y oficinas<\/p>\n<p>Parlantes Multimedia con luces LED<\/p>\n<p>F\u00e1cil conexi\u00f3n, conect\u00e1 el USB a tu Dispositivo y el cable de 3,5mm a la entrada auxiliar<\/p>\n<p>Caracter\u00edsticas:<br \/>\n\u2022 Ecualizador integrado balancea agudos, medios y graves para un sonido m\u00e1s claro y n\u00edtido<br \/>\n\u2022 Entrada Auxiliar 3.5mm<br \/>\n\u2022 Cable de 1,2m<br \/>\n\u2022 Control de volumen<br \/>\n\u2022 Control de luces Touch<\/p>\n<p>Potencia: 2 x 3 W RMS<br \/>\nFrecuencia:150Hz &#8211; 20KHz<br \/>\nSensibilidad:85dB \u00b1 3dB<\/p>\n<p>Medidas:<br \/>\nAlto: 8 cm<br \/>\nAncho: 37 cm<br \/>\nProfundidad: 9 cm<\/p>\n","protected":false},"featured_media":2490,"comment_status":"open","ping_status":"closed","template":"","meta":{"_acf_changed":false,"_monsterinsights_skip_tracking":false,"_monsterinsights_sitenote_active":false,"_monsterinsights_sitenote_note":"","_monsterinsights_sitenote_category":0},"product_brand":[],"product_cat":[26,36,37],"product_tag":[],"class_list":{"0":"post-2483","1":"product","2":"type-product","3":"status-publish","4":"has-post-thumbnail","6":"product_cat-hp","7":"product_cat-parlantes-hp","8":"product_cat-parlantes-multimedia","10":"first","11":"instock","12":"shipping-taxable","13":"product-type-simple"},"acf":[],"aioseo_notices":[],"_links":{"self":[{"href":"https:\/\/gularo.com\/index.php?rest_route=\/wp\/v2\/product\/2483","targetHints":{"allow":["GET"]}}],"collection":[{"href":"https:\/\/gularo.com\/index.php?rest_route=\/wp\/v2\/product"}],"about":[{"href":"https:\/\/gularo.com\/index.php?rest_route=\/wp\/v2\/types\/product"}],"replies":[{"embeddable":true,"href":"https:\/\/gularo.com\/index.php?rest_route=%2Fwp%2Fv2%2Fcomments&post=2483"}],"wp:featuredmedia":[{"embeddable":true,"href":"https:\/\/gularo.com\/index.php?rest_route=\/wp\/v2\/media\/2490"}],"wp:attachment":[{"href":"https:\/\/gularo.com\/index.php?rest_route=%2Fwp%2Fv2%2Fmedia&parent=2483"}],"wp:term":[{"taxonomy":"product_brand","embeddable":true,"href":"https:\/\/gularo.com\/index.php?rest_route=%2Fwp%2Fv2%2Fproduct_brand&post=2483"},{"taxonomy":"product_cat","embeddable":true,"href":"https:\/\/gularo.com\/index.php?rest_route=%2Fwp%2Fv2%2Fproduct_cat&post=2483"},{"taxonomy":"product_tag","embeddable":true,"href":"https:\/\/gularo.com\/index.php?rest_route=%2Fwp%2Fv2%2Fproduct_tag&post=2483"}],"curies":[{"name":"wp","href":"https:\/\/api.w.org\/{rel}","templated":true}]}}